{"id":1727,"date":"2026-02-20T19:15:35","date_gmt":"2026-02-20T19:15:35","guid":{"rendered":"https:\/\/bodegasierraalmagrera.com\/sierra-almagrera-macabeo\/"},"modified":"2026-04-08T08:02:57","modified_gmt":"2026-04-08T08:02:57","slug":"sierra-almagrera-macabeo","status":"publish","type":"page","link":"https:\/\/bodegasierraalmagrera.com\/de\/sierra-almagrera-macabeo\/","title":{"rendered":"Sierra Almagrera Macabeo"},"content":{"rendered":"\t\t<div data-elementor-type=\"wp-page\" data-elementor-id=\"1727\" class=\"elementor elementor-1727 elementor-19\" data-elementor-post-type=\"page\">\n\t\t\t\t<div class=\"elementor-element elementor-element-ab7fecd e-con-full e-flex e-con e-parent\" data-id=\"ab7fecd\" data-element_type=\"container\" data-e-type=\"container\" data-settings=\"{&quot;background_background&quot;:&quot;classic&quot;}\">\n\t\t\t\t<div class=\"elementor-element elementor-element-860b532 elementor-widget elementor-widget-heading\" data-id=\"860b532\" data-element_type=\"widget\" data-e-type=\"widget\" data-widget_type=\"heading.default\">\n\t\t\t\t\t<h1 class=\"elementor-heading-title elementor-size-default\">SIERRA ALMAGRERA\u00ae MACABEO<\/h1>\t\t\t\t<\/div>\n\t\t\t\t<\/div>\n\t\t<div class=\"elementor-element elementor-element-134ad2f e-flex e-con-boxed e-con e-parent\" data-id=\"134ad2f\" data-element_type=\"container\" data-e-type=\"container\" data-settings=\"{&quot;background_background&quot;:&quot;classic&quot;}\">\n\t\t\t\t\t<div class=\"e-con-inner\">\n\t\t<div class=\"elementor-element elementor-element-f1d3d60 e-con-full elementor-hidden-mobile e-flex elementor-invisible e-con e-child\" data-id=\"f1d3d60\" data-element_type=\"container\" data-e-type=\"container\" data-settings=\"{&quot;animation&quot;:&quot;fadeIn&quot;}\">\n\t\t\t\t<div class=\"elementor-element elementor-element-373faf7 elementor-widget elementor-widget-image\" data-id=\"373faf7\" data-element_type=\"widget\" data-e-type=\"widget\" data-widget_type=\"image.default\">\n\t\t\t\t\t\t\t\t\t\t\t\t\t\t\t<img fetchpriority=\"high\" decoding=\"async\" width=\"500\" height=\"625\" src=\"https:\/\/bodegasierraalmagrera.com\/wp-content\/uploads\/2026\/02\/BSA-Macabeo-2-1-1.jpg\" class=\"attachment-large size-large wp-image-1730\" alt=\"Sierra Almagrera Macabeo Fass\" srcset=\"https:\/\/bodegasierraalmagrera.com\/wp-content\/uploads\/2026\/02\/BSA-Macabeo-2-1-1.jpg 500w, https:\/\/bodegasierraalmagrera.com\/wp-content\/uploads\/2026\/02\/BSA-Macabeo-2-1-1-240x300.jpg 240w\" sizes=\"(max-width: 500px) 100vw, 500px\" \/>\t\t\t\t\t\t\t\t\t\t\t\t\t\t\t<\/div>\n\t\t\t\t<\/div>\n\t\t<div class=\"elementor-element elementor-element-8ed7f83 e-con-full e-flex elementor-invisible e-con e-child\" data-id=\"8ed7f83\" data-element_type=\"container\" data-e-type=\"container\" data-settings=\"{&quot;animation&quot;:&quot;fadeInRight&quot;}\">\n\t\t\t\t<div class=\"elementor-element elementor-element-897e9b3 elementor-widget elementor-widget-heading\" data-id=\"897e9b3\" data-element_type=\"widget\" data-e-type=\"widget\" data-widget_type=\"heading.default\">\n\t\t\t\t\t<h2 class=\"elementor-heading-title elementor-size-default\">WEISSWEIN MACABEO<\/h2>\t\t\t\t<\/div>\n\t\t\t\t<div class=\"elementor-element elementor-element-45c2237 elementor-widget elementor-widget-text-editor\" data-id=\"45c2237\" data-element_type=\"widget\" data-e-type=\"widget\" data-widget_type=\"text-editor.default\">\n\t\t\t\t\t\t\t\t\t<p><span class=\"a_GcMg font-feature-liga-off font-feature-clig-off font-feature-calt-off text-decoration-none text-strikethrough-none\">Sierra Almagrera\u00ae Macabeo ist ein halbtrockener Wei\u00dfwein aus Macabeo mit klarem aromatischem Profil und umh\u00fcllendem Gaumen, getragen von Frische und Persistenz: konzipiert zum Genie\u00dfen und f\u00fcr kreative gastronomische Harmonien.<\/span><\/p>\t\t\t\t\t\t\t\t<\/div>\n\t\t<div class=\"elementor-element elementor-element-2f77ccf e-con-full elementor-hidden-desktop elementor-hidden-tablet e-flex elementor-invisible e-con e-child\" data-id=\"2f77ccf\" data-element_type=\"container\" data-e-type=\"container\" data-settings=\"{&quot;animation&quot;:&quot;fadeIn&quot;}\">\n\t\t\t\t<div class=\"elementor-element elementor-element-9f6eb4c elementor-widget elementor-widget-image\" data-id=\"9f6eb4c\" data-element_type=\"widget\" data-e-type=\"widget\" data-widget_type=\"image.default\">\n\t\t\t\t\t\t\t\t\t\t\t\t\t\t\t<img fetchpriority=\"high\" decoding=\"async\" width=\"500\" height=\"625\" src=\"https:\/\/bodegasierraalmagrera.com\/wp-content\/uploads\/2026\/02\/BSA-Macabeo-2-1-1.jpg\" class=\"attachment-large size-large wp-image-1730\" alt=\"Sierra Almagrera Macabeo Fass\" srcset=\"https:\/\/bodegasierraalmagrera.com\/wp-content\/uploads\/2026\/02\/BSA-Macabeo-2-1-1.jpg 500w, https:\/\/bodegasierraalmagrera.com\/wp-content\/uploads\/2026\/02\/BSA-Macabeo-2-1-1-240x300.jpg 240w\" sizes=\"(max-width: 500px) 100vw, 500px\" \/>\t\t\t\t\t\t\t\t\t\t\t\t\t\t\t<\/div>\n\t\t\t\t<\/div>\n\t\t\t\t<\/div>\n\t\t\t\t\t<\/div>\n\t\t\t\t<\/div>\n\t\t<div class=\"elementor-element elementor-element-70de12c e-flex e-con-boxed e-con e-parent\" data-id=\"70de12c\" data-element_type=\"container\" data-e-type=\"container\">\n\t\t\t\t\t<div class=\"e-con-inner\">\n\t\t<div class=\"elementor-element elementor-element-ebc244c e-con-full e-flex elementor-invisible e-con e-child\" data-id=\"ebc244c\" data-element_type=\"container\" data-e-type=\"container\" data-settings=\"{&quot;background_background&quot;:&quot;classic&quot;,&quot;animation&quot;:&quot;fadeInLeft&quot;}\">\n\t\t\t\t<div class=\"elementor-element elementor-element-9f1b0f5 elementor-widget__width-initial elementor-widget elementor-widget-text-editor\" data-id=\"9f1b0f5\" data-element_type=\"widget\" data-e-type=\"widget\" data-widget_type=\"text-editor.default\">\n\t\t\t\t\t\t\t\t\t<p><span class=\"a_GcMg font-feature-liga-off font-feature-clig-off font-feature-calt-off text-decoration-none text-strikethrough-none\">H\u00d6HENLAGE-WEINBERG<\/span><\/p>\t\t\t\t\t\t\t\t<\/div>\n\t\t\t\t<div class=\"elementor-element elementor-element-871c6fd elementor-widget__width-initial elementor-widget elementor-widget-text-editor\" data-id=\"871c6fd\" data-element_type=\"widget\" data-e-type=\"widget\" data-widget_type=\"text-editor.default\">\n\t\t\t\t\t\t\t\t\t<p><span class=\"a_GcMg font-feature-liga-off font-feature-clig-off font-feature-calt-off text-decoration-none text-strikethrough-none\">Rebst\u00f6cke auf 1.200 m H\u00f6he in Laujar, in der Alpujarra von Almer\u00eda.<\/span><\/p>\t\t\t\t\t\t\t\t<\/div>\n\t\t\t\t<div class=\"elementor-element elementor-element-9f77ce6 elementor-widget__width-initial elementor-widget elementor-widget-text-editor\" data-id=\"9f77ce6\" data-element_type=\"widget\" data-e-type=\"widget\" data-widget_type=\"text-editor.default\">\n\t\t\t\t\t\t\t\t\t<p><span class=\"a_GcMg font-feature-liga-off font-feature-clig-off font-feature-calt-off text-decoration-none text-strikethrough-none\">HERSTELLUNG UND AUSBAU<\/span><\/p>\t\t\t\t\t\t\t\t<\/div>\n\t\t\t\t<div class=\"elementor-element elementor-element-9c7ee4f elementor-widget__width-initial elementor-widget elementor-widget-text-editor\" data-id=\"9c7ee4f\" data-element_type=\"widget\" data-e-type=\"widget\" data-widget_type=\"text-editor.default\">\n\t\t\t\t\t\t\t\t\t<p><span class=\"a_GcMg font-feature-liga-off font-feature-clig-off font-feature-calt-off text-decoration-none text-strikethrough-none\">Lese in 15-kg-Kisten, sorgf\u00e4ltige Selektion, Maischestandzeit in der Presse und temperaturkontrollierte G\u00e4rung (\u226415 \u00b0C). Die G\u00e4rung wird gestoppt, wobei 10 g\/L Zucker verbleiben; Ausbau auf der Hefe 2 Monate.<\/span><\/p>\t\t\t\t\t\t\t\t<\/div>\n\t\t\t\t<div class=\"elementor-element elementor-element-a6fc253 elementor-widget__width-initial elementor-widget elementor-widget-text-editor\" data-id=\"a6fc253\" data-element_type=\"widget\" data-e-type=\"widget\" data-widget_type=\"text-editor.default\">\n\t\t\t\t\t\t\t\t\t<p><span class=\"a_GcMg font-feature-liga-off font-feature-clig-off font-feature-calt-off text-decoration-none text-strikethrough-none\">VERKOSTUNGSNOTIZ<\/span><\/p>\t\t\t\t\t\t\t\t<\/div>\n\t\t\t\t<div class=\"elementor-element elementor-element-06a3540 elementor-widget__width-initial elementor-widget elementor-widget-text-editor\" data-id=\"06a3540\" data-element_type=\"widget\" data-e-type=\"widget\" data-widget_type=\"text-editor.default\">\n\t\t\t\t\t\t\t\t\t<p><span class=\"a_GcMg font-feature-liga-off font-feature-clig-off font-feature-calt-off text-decoration-none text-strikethrough-none\">Helle, leuchtende Farbe. Intensive Aromatik mit tropischen Fr\u00fcchten, Fenchel und floralen Noten im Hintergrund. F\u00fclliger, umh\u00fcllender und sehr persistenter Gaumen mit R\u00fcckkehr von Bl\u00fcten und Fr\u00fcchten im Retronasal.<\/span><\/p>\t\t\t\t\t\t\t\t<\/div>\n\t\t\t\t<div class=\"elementor-element elementor-element-54677e3 elementor-widget__width-initial elementor-widget elementor-widget-text-editor\" data-id=\"54677e3\" data-element_type=\"widget\" data-e-type=\"widget\" data-widget_type=\"text-editor.default\">\n\t\t\t\t\t\t\t\t\t<p><span class=\"a_GcMg font-feature-liga-off font-feature-clig-off font-feature-calt-off text-decoration-none text-strikethrough-none\">SERVIEREMPFEHLUNG UND SPEISEBEGLEITUNG<\/span><\/p>\t\t\t\t\t\t\t\t<\/div>\n\t\t\t\t<div class=\"elementor-element elementor-element-f9408f5 elementor-widget__width-initial elementor-widget elementor-widget-text-editor\" data-id=\"f9408f5\" data-element_type=\"widget\" data-e-type=\"widget\" data-widget_type=\"text-editor.default\">\n\t\t\t\t\t\t\t\t\t<p><span class=\"a_GcMg font-feature-liga-off font-feature-clig-off font-feature-calt-off text-decoration-none text-strikethrough-none\">Sehr gut gek\u00fchlt servieren. Hervorragend zu Aperitifs, milder asiatischer K\u00fcche, cremigen K\u00e4sesorten und Meeresfr\u00fcchten.<\/span><\/p>\t\t\t\t\t\t\t\t<\/div>\n\t\t\t\t<div class=\"elementor-element elementor-element-98ac3ff elementor-align-start elementor-icon-list--layout-traditional elementor-list-item-link-full_width elementor-widget elementor-widget-icon-list\" data-id=\"98ac3ff\" data-element_type=\"widget\" data-e-type=\"widget\" data-widget_type=\"icon-list.default\">\n\t\t\t\t\t\t\t<ul class=\"elementor-icon-list-items\">\n\t\t\t\t\t\t\t<li class=\"elementor-icon-list-item\">\n\t\t\t\t\t\t\t\t\t\t\t<a href=\"https:\/\/bodegasierraalmagrera.com\/wp-content\/uploads\/2026\/02\/fichaBSAmacabeo_V2_compressed.pdf\" target=\"_blank\">\n\n\t\t\t\t\t\t\t\t\t\t\t\t<span class=\"elementor-icon-list-icon\">\n\t\t\t\t\t\t\t<svg aria-hidden=\"true\" class=\"e-font-icon-svg e-far-arrow-alt-circle-right\" viewBox=\"0 0 512 512\" xmlns=\"http:\/\/www.w3.org\/2000\/svg\"><path d=\"M504 256C504 119 393 8 256 8S8 119 8 256s111 248 248 248 248-111 248-248zm-448 0c0-110.5 89.5-200 200-200s200 89.5 200 200-89.5 200-200 200S56 366.5 56 256zm72 20v-40c0-6.6 5.4-12 12-12h116v-67c0-10.7 12.9-16 20.5-8.5l99 99c4.7 4.7 4.7 12.3 0 17l-99 99c-7.6 7.6-20.5 2.2-20.5-8.5v-67H140c-6.6 0-12-5.4-12-12z\"><\/path><\/svg>\t\t\t\t\t\t<\/span>\n\t\t\t\t\t\t\t\t\t\t<span class=\"elementor-icon-list-text\">TECHNISCHES DATENBLATT HERUNTERLADEN<\/span>\n\t\t\t\t\t\t\t\t\t\t\t<\/a>\n\t\t\t\t\t\t\t\t\t<\/li>\n\t\t\t\t\t\t<\/ul>\n\t\t\t\t\t\t<\/div>\n\t\t\t\t<\/div>\n\t\t<div class=\"elementor-element elementor-element-9501822 e-con-full e-flex elementor-invisible e-con e-child\" data-id=\"9501822\" data-element_type=\"container\" data-e-type=\"container\" data-settings=\"{&quot;animation&quot;:&quot;fadeInRight&quot;}\">\n\t\t\t\t<div class=\"elementor-element elementor-element-9c40acd elementor-widget elementor-widget-image\" data-id=\"9c40acd\" data-element_type=\"widget\" data-e-type=\"widget\" data-widget_type=\"image.default\">\n\t\t\t\t\t\t\t\t\t\t\t\t\t\t\t<img decoding=\"async\" width=\"400\" height=\"993\" src=\"https:\/\/bodegasierraalmagrera.com\/wp-content\/uploads\/2026\/02\/SAmacabeonuevo-1-1-1.png\" class=\"attachment-large size-large wp-image-1731\" alt=\"\" srcset=\"https:\/\/bodegasierraalmagrera.com\/wp-content\/uploads\/2026\/02\/SAmacabeonuevo-1-1-1.png 400w, https:\/\/bodegasierraalmagrera.com\/wp-content\/uploads\/2026\/02\/SAmacabeonuevo-1-1-1-121x300.png 121w\" sizes=\"(max-width: 400px) 100vw, 400px\" \/>\t\t\t\t\t\t\t\t\t\t\t\t\t\t\t<\/div>\n\t\t\t\t<\/div>\n\t\t\t\t\t<\/div>\n\t\t\t\t<\/div>\n\t\t\t\t<\/div>\n\t\t","protected":false},"excerpt":{"rendered":"<p>SIERRA ALMAGRERA\u00ae MACABEO WEISSWEIN MACABEO Sierra Almagrera\u00ae Macabeo ist ein halbtrockener Wei\u00dfwein aus Macabeo mit klarem aromatischem Profil und umh\u00fcllendem Gaumen, getragen von Frische und Persistenz: konzipiert zum Genie\u00dfen und f\u00fcr kreative gastronomische Harmonien. H\u00d6HENLAGE-WEINBERG Rebst\u00f6cke auf 1.200 m H\u00f6he in Laujar, in der Alpujarra von Almer\u00eda. HERSTELLUNG UND AUSBAU Lese in 15-kg-Kisten, sorgf\u00e4ltige Selektion, [&hellip;]<\/p>\n","protected":false},"author":2,"featured_media":0,"parent":0,"menu_order":0,"comment_status":"closed","ping_status":"closed","template":"","meta":{"footnotes":""},"class_list":["post-1727","page","type-page","status-publish","hentry"],"yoast_head":"<!-- This site is optimized with the Yoast SEO plugin v27.0 - https:\/\/yoast.com\/product\/yoast-seo-wordpress\/ -->\n<title>Wein Macabeo Sierra Almagrera | Bodega Sierra Almagrera<\/title>\n<meta name=\"description\" content=\"Sierra Almagrera Macabeo, frischer und aromatischer spanischer Wei\u00dfwein, aus ausgew\u00e4hlten Trauben gekeltert, um die Identit\u00e4t der Bodega widerzuspiegeln.\" \/>\n<meta name=\"robots\" content=\"index, follow, max-snippet:-1, max-image-preview:large, max-video-preview:-1\" \/>\n<link rel=\"canonical\" href=\"https:\/\/bodegasierraalmagrera.com\/de\/sierra-almagrera-macabeo\/\" \/>\n<meta property=\"og:locale\" content=\"de_DE\" \/>\n<meta property=\"og:type\" content=\"article\" \/>\n<meta property=\"og:title\" content=\"Wein Macabeo Sierra Almagrera | Bodega Sierra Almagrera\" \/>\n<meta property=\"og:description\" content=\"Sierra Almagrera Macabeo, frischer und aromatischer spanischer Wei\u00dfwein, aus ausgew\u00e4hlten Trauben gekeltert, um die Identit\u00e4t der Bodega widerzuspiegeln.\" \/>\n<meta property=\"og:url\" content=\"https:\/\/bodegasierraalmagrera.com\/de\/sierra-almagrera-macabeo\/\" \/>\n<meta property=\"og:site_name\" content=\"Bodega Sierra Almagrera\" \/>\n<meta property=\"article:modified_time\" content=\"2026-04-08T08:02:57+00:00\" \/>\n<meta property=\"og:image\" content=\"https:\/\/bodegasierraalmagrera.com\/wp-content\/uploads\/2026\/02\/BSA-Macabeo-2-1-1.jpg\" \/>\n\t<meta property=\"og:image:width\" content=\"500\" \/>\n\t<meta property=\"og:image:height\" content=\"625\" \/>\n\t<meta property=\"og:image:type\" content=\"image\/jpeg\" \/>\n<meta name=\"twitter:card\" content=\"summary_large_image\" \/>\n<meta name=\"twitter:label1\" content=\"Gesch\u00e4tzte Lesezeit\" \/>\n\t<meta name=\"twitter:data1\" content=\"1\u00a0Minute\" \/>\n<script type=\"application\/ld+json\" class=\"yoast-schema-graph\">{\"@context\":\"https:\/\/schema.org\",\"@graph\":[{\"@type\":\"WebPage\",\"@id\":\"https:\/\/bodegasierraalmagrera.com\/de\/sierra-almagrera-macabeo\/\",\"url\":\"https:\/\/bodegasierraalmagrera.com\/de\/sierra-almagrera-macabeo\/\",\"name\":\"Wein Macabeo Sierra Almagrera | Bodega Sierra Almagrera\",\"isPartOf\":{\"@id\":\"https:\/\/bodegasierraalmagrera.com\/de\/#website\"},\"primaryImageOfPage\":{\"@id\":\"https:\/\/bodegasierraalmagrera.com\/de\/sierra-almagrera-macabeo\/#primaryimage\"},\"image\":{\"@id\":\"https:\/\/bodegasierraalmagrera.com\/de\/sierra-almagrera-macabeo\/#primaryimage\"},\"thumbnailUrl\":\"https:\/\/bodegasierraalmagrera.com\/wp-content\/uploads\/2026\/02\/BSA-Macabeo-2-1-1.jpg\",\"datePublished\":\"2026-02-20T19:15:35+00:00\",\"dateModified\":\"2026-04-08T08:02:57+00:00\",\"description\":\"Sierra Almagrera Macabeo, frischer und aromatischer spanischer Wei\u00dfwein, aus ausgew\u00e4hlten Trauben gekeltert, um die Identit\u00e4t der Bodega widerzuspiegeln.\",\"breadcrumb\":{\"@id\":\"https:\/\/bodegasierraalmagrera.com\/de\/sierra-almagrera-macabeo\/#breadcrumb\"},\"inLanguage\":\"de\",\"potentialAction\":[{\"@type\":\"ReadAction\",\"target\":[\"https:\/\/bodegasierraalmagrera.com\/de\/sierra-almagrera-macabeo\/\"]}]},{\"@type\":\"ImageObject\",\"inLanguage\":\"de\",\"@id\":\"https:\/\/bodegasierraalmagrera.com\/de\/sierra-almagrera-macabeo\/#primaryimage\",\"url\":\"https:\/\/bodegasierraalmagrera.com\/wp-content\/uploads\/2026\/02\/BSA-Macabeo-2-1-1.jpg\",\"contentUrl\":\"https:\/\/bodegasierraalmagrera.com\/wp-content\/uploads\/2026\/02\/BSA-Macabeo-2-1-1.jpg\"},{\"@type\":\"BreadcrumbList\",\"@id\":\"https:\/\/bodegasierraalmagrera.com\/de\/sierra-almagrera-macabeo\/#breadcrumb\",\"itemListElement\":[{\"@type\":\"ListItem\",\"position\":1,\"name\":\"Home\",\"item\":\"https:\/\/bodegasierraalmagrera.com\/de\/startseite\/\"},{\"@type\":\"ListItem\",\"position\":2,\"name\":\"Sierra Almagrera Macabeo\"}]},{\"@type\":\"WebSite\",\"@id\":\"https:\/\/bodegasierraalmagrera.com\/de\/#website\",\"url\":\"https:\/\/bodegasierraalmagrera.com\/de\/\",\"name\":\"Bodega Sierra Almagrera\",\"description\":\"\",\"publisher\":{\"@id\":\"https:\/\/bodegasierraalmagrera.com\/de\/#organization\"},\"potentialAction\":[{\"@type\":\"SearchAction\",\"target\":{\"@type\":\"EntryPoint\",\"urlTemplate\":\"https:\/\/bodegasierraalmagrera.com\/de\/?s={search_term_string}\"},\"query-input\":{\"@type\":\"PropertyValueSpecification\",\"valueRequired\":true,\"valueName\":\"search_term_string\"}}],\"inLanguage\":\"de\"},{\"@type\":\"Organization\",\"@id\":\"https:\/\/bodegasierraalmagrera.com\/de\/#organization\",\"name\":\"Bodega Sierra Almagrera\",\"url\":\"https:\/\/bodegasierraalmagrera.com\/de\/\",\"logo\":{\"@type\":\"ImageObject\",\"inLanguage\":\"de\",\"@id\":\"https:\/\/bodegasierraalmagrera.com\/de\/#\/schema\/logo\/image\/\",\"url\":\"https:\/\/bodegasierraalmagrera.com\/wp-content\/uploads\/2026\/02\/bodega-sierra-almagrera-fondo-transparente-2-1.png\",\"contentUrl\":\"https:\/\/bodegasierraalmagrera.com\/wp-content\/uploads\/2026\/02\/bodega-sierra-almagrera-fondo-transparente-2-1.png\",\"width\":500,\"height\":150,\"caption\":\"Bodega Sierra Almagrera\"},\"image\":{\"@id\":\"https:\/\/bodegasierraalmagrera.com\/de\/#\/schema\/logo\/image\/\"}}]}<\/script>\n<!-- \/ Yoast SEO plugin. -->","yoast_head_json":{"title":"Wein Macabeo Sierra Almagrera | Bodega Sierra Almagrera","description":"Sierra Almagrera Macabeo, frischer und aromatischer spanischer Wei\u00dfwein, aus ausgew\u00e4hlten Trauben gekeltert, um die Identit\u00e4t der Bodega widerzuspiegeln.","robots":{"index":"index","follow":"follow","max-snippet":"max-snippet:-1","max-image-preview":"max-image-preview:large","max-video-preview":"max-video-preview:-1"},"canonical":"https:\/\/bodegasierraalmagrera.com\/de\/sierra-almagrera-macabeo\/","og_locale":"de_DE","og_type":"article","og_title":"Wein Macabeo Sierra Almagrera | Bodega Sierra Almagrera","og_description":"Sierra Almagrera Macabeo, frischer und aromatischer spanischer Wei\u00dfwein, aus ausgew\u00e4hlten Trauben gekeltert, um die Identit\u00e4t der Bodega widerzuspiegeln.","og_url":"https:\/\/bodegasierraalmagrera.com\/de\/sierra-almagrera-macabeo\/","og_site_name":"Bodega Sierra Almagrera","article_modified_time":"2026-04-08T08:02:57+00:00","og_image":[{"width":500,"height":625,"url":"https:\/\/bodegasierraalmagrera.com\/wp-content\/uploads\/2026\/02\/BSA-Macabeo-2-1-1.jpg","type":"image\/jpeg"}],"twitter_card":"summary_large_image","twitter_misc":{"Gesch\u00e4tzte Lesezeit":"1\u00a0Minute"},"schema":{"@context":"https:\/\/schema.org","@graph":[{"@type":"WebPage","@id":"https:\/\/bodegasierraalmagrera.com\/de\/sierra-almagrera-macabeo\/","url":"https:\/\/bodegasierraalmagrera.com\/de\/sierra-almagrera-macabeo\/","name":"Wein Macabeo Sierra Almagrera | Bodega Sierra Almagrera","isPartOf":{"@id":"https:\/\/bodegasierraalmagrera.com\/de\/#website"},"primaryImageOfPage":{"@id":"https:\/\/bodegasierraalmagrera.com\/de\/sierra-almagrera-macabeo\/#primaryimage"},"image":{"@id":"https:\/\/bodegasierraalmagrera.com\/de\/sierra-almagrera-macabeo\/#primaryimage"},"thumbnailUrl":"https:\/\/bodegasierraalmagrera.com\/wp-content\/uploads\/2026\/02\/BSA-Macabeo-2-1-1.jpg","datePublished":"2026-02-20T19:15:35+00:00","dateModified":"2026-04-08T08:02:57+00:00","description":"Sierra Almagrera Macabeo, frischer und aromatischer spanischer Wei\u00dfwein, aus ausgew\u00e4hlten Trauben gekeltert, um die Identit\u00e4t der Bodega widerzuspiegeln.","breadcrumb":{"@id":"https:\/\/bodegasierraalmagrera.com\/de\/sierra-almagrera-macabeo\/#breadcrumb"},"inLanguage":"de","potentialAction":[{"@type":"ReadAction","target":["https:\/\/bodegasierraalmagrera.com\/de\/sierra-almagrera-macabeo\/"]}]},{"@type":"ImageObject","inLanguage":"de","@id":"https:\/\/bodegasierraalmagrera.com\/de\/sierra-almagrera-macabeo\/#primaryimage","url":"https:\/\/bodegasierraalmagrera.com\/wp-content\/uploads\/2026\/02\/BSA-Macabeo-2-1-1.jpg","contentUrl":"https:\/\/bodegasierraalmagrera.com\/wp-content\/uploads\/2026\/02\/BSA-Macabeo-2-1-1.jpg"},{"@type":"BreadcrumbList","@id":"https:\/\/bodegasierraalmagrera.com\/de\/sierra-almagrera-macabeo\/#breadcrumb","itemListElement":[{"@type":"ListItem","position":1,"name":"Home","item":"https:\/\/bodegasierraalmagrera.com\/de\/startseite\/"},{"@type":"ListItem","position":2,"name":"Sierra Almagrera Macabeo"}]},{"@type":"WebSite","@id":"https:\/\/bodegasierraalmagrera.com\/de\/#website","url":"https:\/\/bodegasierraalmagrera.com\/de\/","name":"Bodega Sierra Almagrera","description":"","publisher":{"@id":"https:\/\/bodegasierraalmagrera.com\/de\/#organization"},"potentialAction":[{"@type":"SearchAction","target":{"@type":"EntryPoint","urlTemplate":"https:\/\/bodegasierraalmagrera.com\/de\/?s={search_term_string}"},"query-input":{"@type":"PropertyValueSpecification","valueRequired":true,"valueName":"search_term_string"}}],"inLanguage":"de"},{"@type":"Organization","@id":"https:\/\/bodegasierraalmagrera.com\/de\/#organization","name":"Bodega Sierra Almagrera","url":"https:\/\/bodegasierraalmagrera.com\/de\/","logo":{"@type":"ImageObject","inLanguage":"de","@id":"https:\/\/bodegasierraalmagrera.com\/de\/#\/schema\/logo\/image\/","url":"https:\/\/bodegasierraalmagrera.com\/wp-content\/uploads\/2026\/02\/bodega-sierra-almagrera-fondo-transparente-2-1.png","contentUrl":"https:\/\/bodegasierraalmagrera.com\/wp-content\/uploads\/2026\/02\/bodega-sierra-almagrera-fondo-transparente-2-1.png","width":500,"height":150,"caption":"Bodega Sierra Almagrera"},"image":{"@id":"https:\/\/bodegasierraalmagrera.com\/de\/#\/schema\/logo\/image\/"}}]}},"_links":{"self":[{"href":"https:\/\/bodegasierraalmagrera.com\/de\/wp-json\/wp\/v2\/pages\/1727","targetHints":{"allow":["GET"]}}],"collection":[{"href":"https:\/\/bodegasierraalmagrera.com\/de\/wp-json\/wp\/v2\/pages"}],"about":[{"href":"https:\/\/bodegasierraalmagrera.com\/de\/wp-json\/wp\/v2\/types\/page"}],"author":[{"embeddable":true,"href":"https:\/\/bodegasierraalmagrera.com\/de\/wp-json\/wp\/v2\/users\/2"}],"replies":[{"embeddable":true,"href":"https:\/\/bodegasierraalmagrera.com\/de\/wp-json\/wp\/v2\/comments?post=1727"}],"version-history":[{"count":4,"href":"https:\/\/bodegasierraalmagrera.com\/de\/wp-json\/wp\/v2\/pages\/1727\/revisions"}],"predecessor-version":[{"id":2182,"href":"https:\/\/bodegasierraalmagrera.com\/de\/wp-json\/wp\/v2\/pages\/1727\/revisions\/2182"}],"wp:attachment":[{"href":"https:\/\/bodegasierraalmagrera.com\/de\/wp-json\/wp\/v2\/media?parent=1727"}],"curies":[{"name":"wp","href":"https:\/\/api.w.org\/{rel}","templated":true}]}}