{"id":1833,"date":"2026-02-20T19:17:39","date_gmt":"2026-02-20T19:17:39","guid":{"rendered":"https:\/\/bodegasierraalmagrera.com\/antas-petit-verdot\/"},"modified":"2026-04-08T07:59:57","modified_gmt":"2026-04-08T07:59:57","slug":"antas-petit-verdot","status":"publish","type":"page","link":"https:\/\/bodegasierraalmagrera.com\/de\/antas-petit-verdot\/","title":{"rendered":"Antas Petit Verdot"},"content":{"rendered":"\t\t<div data-elementor-type=\"wp-page\" data-elementor-id=\"1833\" class=\"elementor elementor-1833 elementor-23\" data-elementor-post-type=\"page\">\n\t\t\t\t<div class=\"elementor-element elementor-element-7992d32 e-con-full e-flex e-con e-parent\" data-id=\"7992d32\" data-element_type=\"container\" data-e-type=\"container\" data-settings=\"{&quot;background_background&quot;:&quot;classic&quot;}\">\n\t\t\t\t<div class=\"elementor-element elementor-element-8fdcbe1 elementor-widget elementor-widget-heading\" data-id=\"8fdcbe1\" data-element_type=\"widget\" data-e-type=\"widget\" data-widget_type=\"heading.default\">\n\t\t\t\t\t<h1 class=\"elementor-heading-title elementor-size-default\">ANTAS\u00ae PETIT VERDOT<\/h1>\t\t\t\t<\/div>\n\t\t\t\t<\/div>\n\t\t<div class=\"elementor-element elementor-element-3892635 e-flex e-con-boxed e-con e-parent\" data-id=\"3892635\" data-element_type=\"container\" data-e-type=\"container\" data-settings=\"{&quot;background_background&quot;:&quot;classic&quot;}\">\n\t\t\t\t\t<div class=\"e-con-inner\">\n\t\t<div class=\"elementor-element elementor-element-77d2e48 e-con-full elementor-hidden-mobile e-flex elementor-invisible e-con e-child\" data-id=\"77d2e48\" data-element_type=\"container\" data-e-type=\"container\" data-settings=\"{&quot;animation&quot;:&quot;fadeIn&quot;}\">\n\t\t\t\t<div class=\"elementor-element elementor-element-5bd5007 elementor-widget elementor-widget-image\" data-id=\"5bd5007\" data-element_type=\"widget\" data-e-type=\"widget\" data-widget_type=\"image.default\">\n\t\t\t\t\t\t\t\t\t\t\t\t\t\t\t<img fetchpriority=\"high\" decoding=\"async\" width=\"500\" height=\"500\" src=\"https:\/\/bodegasierraalmagrera.com\/wp-content\/uploads\/2026\/02\/antas-petit-verdot-1.jpg\" class=\"attachment-large size-large wp-image-1835\" alt=\"Antas Petit Verdot Zoom\" srcset=\"https:\/\/bodegasierraalmagrera.com\/wp-content\/uploads\/2026\/02\/antas-petit-verdot-1.jpg 500w, https:\/\/bodegasierraalmagrera.com\/wp-content\/uploads\/2026\/02\/antas-petit-verdot-1-300x300.jpg 300w, https:\/\/bodegasierraalmagrera.com\/wp-content\/uploads\/2026\/02\/antas-petit-verdot-1-150x150.jpg 150w\" sizes=\"(max-width: 500px) 100vw, 500px\" \/>\t\t\t\t\t\t\t\t\t\t\t\t\t\t\t<\/div>\n\t\t\t\t<\/div>\n\t\t<div class=\"elementor-element elementor-element-e2f68b5 e-con-full e-flex elementor-invisible e-con e-child\" data-id=\"e2f68b5\" data-element_type=\"container\" data-e-type=\"container\" data-settings=\"{&quot;animation&quot;:&quot;fadeInRight&quot;}\">\n\t\t\t\t<div class=\"elementor-element elementor-element-0086080 elementor-widget elementor-widget-heading\" data-id=\"0086080\" data-element_type=\"widget\" data-e-type=\"widget\" data-widget_type=\"heading.default\">\n\t\t\t\t\t<h2 class=\"elementor-heading-title elementor-size-default\">PETIT VERDOT Wein<\/h2>\t\t\t\t<\/div>\n\t\t\t\t<div class=\"elementor-element elementor-element-13ae0c1 elementor-widget elementor-widget-text-editor\" data-id=\"13ae0c1\" data-element_type=\"widget\" data-e-type=\"widget\" data-widget_type=\"text-editor.default\">\n\t\t\t\t\t\t\t\t\t<p><span class=\"a_GcMg font-feature-liga-off font-feature-clig-off font-feature-calt-off text-decoration-none text-strikethrough-none\">ANTAS\u00ae Petit Verdot entstammt den historischen Weinbergen von Antas: ein Wein f\u00fcr Kenner, die Struktur, aromatische Intensit\u00e4t und ein seri\u00f6ses Profil mit ausgepr\u00e4gter mediterraner Pers\u00f6nlichkeit sch\u00e4tzen.<\/span><\/p>\t\t\t\t\t\t\t\t<\/div>\n\t\t<div class=\"elementor-element elementor-element-aa3e96f e-con-full elementor-hidden-desktop elementor-hidden-tablet e-flex elementor-invisible e-con e-child\" data-id=\"aa3e96f\" data-element_type=\"container\" data-e-type=\"container\" data-settings=\"{&quot;animation&quot;:&quot;fadeIn&quot;}\">\n\t\t\t\t<div class=\"elementor-element elementor-element-0caec90 elementor-widget elementor-widget-image\" data-id=\"0caec90\" data-element_type=\"widget\" data-e-type=\"widget\" data-widget_type=\"image.default\">\n\t\t\t\t\t\t\t\t\t\t\t\t\t\t\t<img fetchpriority=\"high\" decoding=\"async\" width=\"500\" height=\"500\" src=\"https:\/\/bodegasierraalmagrera.com\/wp-content\/uploads\/2026\/02\/antas-petit-verdot-1.jpg\" class=\"attachment-large size-large wp-image-1835\" alt=\"Antas Petit Verdot Zoom\" srcset=\"https:\/\/bodegasierraalmagrera.com\/wp-content\/uploads\/2026\/02\/antas-petit-verdot-1.jpg 500w, https:\/\/bodegasierraalmagrera.com\/wp-content\/uploads\/2026\/02\/antas-petit-verdot-1-300x300.jpg 300w, https:\/\/bodegasierraalmagrera.com\/wp-content\/uploads\/2026\/02\/antas-petit-verdot-1-150x150.jpg 150w\" sizes=\"(max-width: 500px) 100vw, 500px\" \/>\t\t\t\t\t\t\t\t\t\t\t\t\t\t\t<\/div>\n\t\t\t\t<\/div>\n\t\t\t\t<\/div>\n\t\t\t\t\t<\/div>\n\t\t\t\t<\/div>\n\t\t<div class=\"elementor-element elementor-element-a8aa489 e-flex e-con-boxed e-con e-parent\" data-id=\"a8aa489\" data-element_type=\"container\" data-e-type=\"container\">\n\t\t\t\t\t<div class=\"e-con-inner\">\n\t\t<div class=\"elementor-element elementor-element-bad1f70 e-con-full e-flex elementor-invisible e-con e-child\" data-id=\"bad1f70\" data-element_type=\"container\" data-e-type=\"container\" data-settings=\"{&quot;background_background&quot;:&quot;classic&quot;,&quot;animation&quot;:&quot;fadeInLeft&quot;}\">\n\t\t\t\t<div class=\"elementor-element elementor-element-84ea031 elementor-widget__width-initial elementor-widget elementor-widget-text-editor\" data-id=\"84ea031\" data-element_type=\"widget\" data-e-type=\"widget\" data-widget_type=\"text-editor.default\">\n\t\t\t\t\t\t\t\t\t<p><span class=\"a_GcMg font-feature-liga-off font-feature-clig-off font-feature-calt-off text-decoration-none text-strikethrough-none\">WEINBERG IN ANTAS<\/span><\/p>\t\t\t\t\t\t\t\t<\/div>\n\t\t\t\t<div class=\"elementor-element elementor-element-e8fcb1c elementor-widget__width-initial elementor-widget elementor-widget-text-editor\" data-id=\"e8fcb1c\" data-element_type=\"widget\" data-e-type=\"widget\" data-widget_type=\"text-editor.default\">\n\t\t\t\t\t\t\t\t\t<p><span class=\"a_GcMg font-feature-liga-off font-feature-clig-off font-feature-calt-off text-decoration-none text-strikethrough-none\">Rebst\u00f6cke auf 400 m H\u00f6he in Antas (Almer\u00eda).<\/span><\/p>\t\t\t\t\t\t\t\t<\/div>\n\t\t\t\t<div class=\"elementor-element elementor-element-239e4e8 elementor-widget__width-initial elementor-widget elementor-widget-text-editor\" data-id=\"239e4e8\" data-element_type=\"widget\" data-e-type=\"widget\" data-widget_type=\"text-editor.default\">\n\t\t\t\t\t\t\t\t\t<p><span class=\"a_GcMg font-feature-liga-off font-feature-clig-off font-feature-calt-off text-decoration-none text-strikethrough-none\">VERKOSTUNGSNOTIZ<\/span><\/p>\t\t\t\t\t\t\t\t<\/div>\n\t\t\t\t<div class=\"elementor-element elementor-element-a094115 elementor-widget__width-initial elementor-widget elementor-widget-text-editor\" data-id=\"a094115\" data-element_type=\"widget\" data-e-type=\"widget\" data-widget_type=\"text-editor.default\">\n\t\t\t\t\t\t\t\t\t<p><span class=\"a_GcMg font-feature-liga-off font-feature-clig-off font-feature-calt-off text-decoration-none text-strikethrough-none\">Dunkle Fr\u00fcchte, Gew\u00fcrze und Spannung; festes Tannin und ein langanhaltender Abgang, ideal als Speisebegleiter und zur Lagerung.<\/span><\/p>\t\t\t\t\t\t\t\t<\/div>\n\t\t\t\t<div class=\"elementor-element elementor-element-de0a31b elementor-widget__width-initial elementor-widget elementor-widget-text-editor\" data-id=\"de0a31b\" data-element_type=\"widget\" data-e-type=\"widget\" data-widget_type=\"text-editor.default\">\n\t\t\t\t\t\t\t\t\t<p><span class=\"a_GcMg font-feature-liga-off font-feature-clig-off font-feature-calt-off text-decoration-none text-strikethrough-none\">SERVIEREMPFEHLUNG UND SPEISEBEGLEITUNG<\/span><\/p>\t\t\t\t\t\t\t\t<\/div>\n\t\t\t\t<div class=\"elementor-element elementor-element-66e8903 elementor-widget__width-initial elementor-widget elementor-widget-text-editor\" data-id=\"66e8903\" data-element_type=\"widget\" data-e-type=\"widget\" data-widget_type=\"text-editor.default\">\n\t\t\t\t\t\t\t\t\t<p><span class=\"a_GcMg font-feature-liga-off font-feature-clig-off font-feature-calt-off text-decoration-none text-strikethrough-none\">Rotes Fleisch, Wild, kr\u00e4ftige Eint\u00f6pfe und gereifter K\u00e4se.<\/span><\/p>\t\t\t\t\t\t\t\t<\/div>\n\t\t\t\t<div class=\"elementor-element elementor-element-60d2e7a elementor-align-start elementor-icon-list--layout-traditional elementor-list-item-link-full_width elementor-widget elementor-widget-icon-list\" data-id=\"60d2e7a\" data-element_type=\"widget\" data-e-type=\"widget\" data-widget_type=\"icon-list.default\">\n\t\t\t\t\t\t\t<ul class=\"elementor-icon-list-items\">\n\t\t\t\t\t\t\t<li class=\"elementor-icon-list-item\">\n\t\t\t\t\t\t\t\t\t\t\t<a href=\"https:\/\/bodegasierraalmagrera.com\/wp-content\/uploads\/2026\/02\/fichaANTASpetit_V2_compressed.pdf\" target=\"_blank\">\n\n\t\t\t\t\t\t\t\t\t\t\t\t<span class=\"elementor-icon-list-icon\">\n\t\t\t\t\t\t\t<svg aria-hidden=\"true\" class=\"e-font-icon-svg e-far-arrow-alt-circle-right\" viewBox=\"0 0 512 512\" xmlns=\"http:\/\/www.w3.org\/2000\/svg\"><path d=\"M504 256C504 119 393 8 256 8S8 119 8 256s111 248 248 248 248-111 248-248zm-448 0c0-110.5 89.5-200 200-200s200 89.5 200 200-89.5 200-200 200S56 366.5 56 256zm72 20v-40c0-6.6 5.4-12 12-12h116v-67c0-10.7 12.9-16 20.5-8.5l99 99c4.7 4.7 4.7 12.3 0 17l-99 99c-7.6 7.6-20.5 2.2-20.5-8.5v-67H140c-6.6 0-12-5.4-12-12z\"><\/path><\/svg>\t\t\t\t\t\t<\/span>\n\t\t\t\t\t\t\t\t\t\t<span class=\"elementor-icon-list-text\">TECHNISCHES DATENBLATT HERUNTERLADEN<\/span>\n\t\t\t\t\t\t\t\t\t\t\t<\/a>\n\t\t\t\t\t\t\t\t\t<\/li>\n\t\t\t\t\t\t<\/ul>\n\t\t\t\t\t\t<\/div>\n\t\t\t\t<\/div>\n\t\t<div class=\"elementor-element elementor-element-4809a64 e-con-full e-flex elementor-invisible e-con e-child\" data-id=\"4809a64\" data-element_type=\"container\" data-e-type=\"container\" data-settings=\"{&quot;animation&quot;:&quot;fadeInRight&quot;}\">\n\t\t\t\t<div class=\"elementor-element elementor-element-f910ed7 elementor-widget elementor-widget-image\" data-id=\"f910ed7\" data-element_type=\"widget\" data-e-type=\"widget\" data-widget_type=\"image.default\">\n\t\t\t\t\t\t\t\t\t\t\t\t\t\t\t<img decoding=\"async\" width=\"400\" height=\"993\" src=\"https:\/\/bodegasierraalmagrera.com\/wp-content\/uploads\/2026\/02\/ANTASpetitverdotnuevo-1-1-1.png\" class=\"attachment-large size-large wp-image-1754\" alt=\"\" srcset=\"https:\/\/bodegasierraalmagrera.com\/wp-content\/uploads\/2026\/02\/ANTASpetitverdotnuevo-1-1-1.png 400w, https:\/\/bodegasierraalmagrera.com\/wp-content\/uploads\/2026\/02\/ANTASpetitverdotnuevo-1-1-1-121x300.png 121w\" sizes=\"(max-width: 400px) 100vw, 400px\" \/>\t\t\t\t\t\t\t\t\t\t\t\t\t\t\t<\/div>\n\t\t\t\t<\/div>\n\t\t\t\t\t<\/div>\n\t\t\t\t<\/div>\n\t\t<div class=\"elementor-element elementor-element-d3ef217 e-flex e-con-boxed e-con e-parent\" data-id=\"d3ef217\" data-element_type=\"container\" data-e-type=\"container\">\n\t\t\t\t\t<div class=\"e-con-inner\">\n\t\t\t\t<div class=\"elementor-element elementor-element-aa4e9be elementor-widget__width-initial elementor-widget elementor-widget-text-editor\" data-id=\"aa4e9be\" data-element_type=\"widget\" data-e-type=\"widget\" data-widget_type=\"text-editor.default\">\n\t\t\t\t\t\t\t\t\t<p>Das Etikett dieses Weins zeigt ein Symbol der Argar-Kultur. Wenn Sie seine Bedeutung und die Geschichte von El Argar erfahren m\u00f6chten, entdecken Sie sie hier:<\/p>\t\t\t\t\t\t\t\t<\/div>\n\t\t\t\t<div class=\"elementor-element elementor-element-6c90936 elementor-align-center elementor-icon-list--layout-traditional elementor-list-item-link-full_width elementor-widget elementor-widget-icon-list\" data-id=\"6c90936\" data-element_type=\"widget\" data-e-type=\"widget\" data-widget_type=\"icon-list.default\">\n\t\t\t\t\t\t\t<ul class=\"elementor-icon-list-items\">\n\t\t\t\t\t\t\t<li class=\"elementor-icon-list-item\">\n\t\t\t\t\t\t\t\t\t\t\t<a href=\"https:\/\/bodegasierraalmagrera.com\/de\/el-argar\/\">\n\n\t\t\t\t\t\t\t\t\t\t\t\t<span class=\"elementor-icon-list-icon\">\n\t\t\t\t\t\t\t<svg aria-hidden=\"true\" class=\"e-font-icon-svg e-far-arrow-alt-circle-right\" viewBox=\"0 0 512 512\" xmlns=\"http:\/\/www.w3.org\/2000\/svg\"><path d=\"M504 256C504 119 393 8 256 8S8 119 8 256s111 248 248 248 248-111 248-248zm-448 0c0-110.5 89.5-200 200-200s200 89.5 200 200-89.5 200-200 200S56 366.5 56 256zm72 20v-40c0-6.6 5.4-12 12-12h116v-67c0-10.7 12.9-16 20.5-8.5l99 99c4.7 4.7 4.7 12.3 0 17l-99 99c-7.6 7.6-20.5 2.2-20.5-8.5v-67H140c-6.6 0-12-5.4-12-12z\"><\/path><\/svg>\t\t\t\t\t\t<\/span>\n\t\t\t\t\t\t\t\t\t\t<span class=\"elementor-icon-list-text\">EL ARGAR<\/span>\n\t\t\t\t\t\t\t\t\t\t\t<\/a>\n\t\t\t\t\t\t\t\t\t<\/li>\n\t\t\t\t\t\t<\/ul>\n\t\t\t\t\t\t<\/div>\n\t\t\t\t\t<\/div>\n\t\t\t\t<\/div>\n\t\t\t\t<\/div>\n\t\t","protected":false},"excerpt":{"rendered":"<p>ANTAS\u00ae PETIT VERDOT PETIT VERDOT Wein ANTAS\u00ae Petit Verdot entstammt den historischen Weinbergen von Antas: ein Wein f\u00fcr Kenner, die Struktur, aromatische Intensit\u00e4t und ein seri\u00f6ses Profil mit ausgepr\u00e4gter mediterraner Pers\u00f6nlichkeit sch\u00e4tzen. WEINBERG IN ANTAS Rebst\u00f6cke auf 400 m H\u00f6he in Antas (Almer\u00eda). VERKOSTUNGSNOTIZ Dunkle Fr\u00fcchte, Gew\u00fcrze und Spannung; festes Tannin und ein langanhaltender Abgang, [&hellip;]<\/p>\n","protected":false},"author":2,"featured_media":0,"parent":0,"menu_order":0,"comment_status":"closed","ping_status":"closed","template":"","meta":{"footnotes":""},"class_list":["post-1833","page","type-page","status-publish","hentry"],"yoast_head":"<!-- This site is optimized with the Yoast SEO plugin v27.0 - https:\/\/yoast.com\/product\/yoast-seo-wordpress\/ -->\n<title>Antas Petit Verdot Wein | Bodega Sierra Almagrera<\/title>\n<meta name=\"description\" content=\"Antas Petit Verdot ist ein erstklassiger Rotwein von gro\u00dfer Struktur und Eleganz, der von der Bodega Sierra Almagrera aus selektierten Trauben erzeugt wird.\" \/>\n<meta name=\"robots\" content=\"index, follow, max-snippet:-1, max-image-preview:large, max-video-preview:-1\" \/>\n<link rel=\"canonical\" href=\"https:\/\/bodegasierraalmagrera.com\/de\/antas-petit-verdot\/\" \/>\n<meta property=\"og:locale\" content=\"de_DE\" \/>\n<meta property=\"og:type\" content=\"article\" \/>\n<meta property=\"og:title\" content=\"Antas Petit Verdot Wein | Bodega Sierra Almagrera\" \/>\n<meta property=\"og:description\" content=\"Antas Petit Verdot ist ein erstklassiger Rotwein von gro\u00dfer Struktur und Eleganz, der von der Bodega Sierra Almagrera aus selektierten Trauben erzeugt wird.\" \/>\n<meta property=\"og:url\" content=\"https:\/\/bodegasierraalmagrera.com\/de\/antas-petit-verdot\/\" \/>\n<meta property=\"og:site_name\" content=\"Bodega Sierra Almagrera\" \/>\n<meta property=\"article:modified_time\" content=\"2026-04-08T07:59:57+00:00\" \/>\n<meta property=\"og:image\" content=\"https:\/\/bodegasierraalmagrera.com\/wp-content\/uploads\/2026\/02\/antas-petit-verdot-1.jpg\" \/>\n\t<meta property=\"og:image:width\" content=\"500\" \/>\n\t<meta property=\"og:image:height\" content=\"500\" \/>\n\t<meta property=\"og:image:type\" content=\"image\/jpeg\" \/>\n<meta name=\"twitter:card\" content=\"summary_large_image\" \/>\n<meta name=\"twitter:label1\" content=\"Gesch\u00e4tzte Lesezeit\" \/>\n\t<meta name=\"twitter:data1\" content=\"1\u00a0Minute\" \/>\n<script type=\"application\/ld+json\" class=\"yoast-schema-graph\">{\"@context\":\"https:\/\/schema.org\",\"@graph\":[{\"@type\":\"WebPage\",\"@id\":\"https:\/\/bodegasierraalmagrera.com\/de\/antas-petit-verdot\/\",\"url\":\"https:\/\/bodegasierraalmagrera.com\/de\/antas-petit-verdot\/\",\"name\":\"Antas Petit Verdot Wein | Bodega Sierra Almagrera\",\"isPartOf\":{\"@id\":\"https:\/\/bodegasierraalmagrera.com\/de\/#website\"},\"primaryImageOfPage\":{\"@id\":\"https:\/\/bodegasierraalmagrera.com\/de\/antas-petit-verdot\/#primaryimage\"},\"image\":{\"@id\":\"https:\/\/bodegasierraalmagrera.com\/de\/antas-petit-verdot\/#primaryimage\"},\"thumbnailUrl\":\"https:\/\/bodegasierraalmagrera.com\/wp-content\/uploads\/2026\/02\/antas-petit-verdot-1.jpg\",\"datePublished\":\"2026-02-20T19:17:39+00:00\",\"dateModified\":\"2026-04-08T07:59:57+00:00\",\"description\":\"Antas Petit Verdot ist ein erstklassiger Rotwein von gro\u00dfer Struktur und Eleganz, der von der Bodega Sierra Almagrera aus selektierten Trauben erzeugt wird.\",\"breadcrumb\":{\"@id\":\"https:\/\/bodegasierraalmagrera.com\/de\/antas-petit-verdot\/#breadcrumb\"},\"inLanguage\":\"de\",\"potentialAction\":[{\"@type\":\"ReadAction\",\"target\":[\"https:\/\/bodegasierraalmagrera.com\/de\/antas-petit-verdot\/\"]}]},{\"@type\":\"ImageObject\",\"inLanguage\":\"de\",\"@id\":\"https:\/\/bodegasierraalmagrera.com\/de\/antas-petit-verdot\/#primaryimage\",\"url\":\"https:\/\/bodegasierraalmagrera.com\/wp-content\/uploads\/2026\/02\/antas-petit-verdot-1.jpg\",\"contentUrl\":\"https:\/\/bodegasierraalmagrera.com\/wp-content\/uploads\/2026\/02\/antas-petit-verdot-1.jpg\"},{\"@type\":\"BreadcrumbList\",\"@id\":\"https:\/\/bodegasierraalmagrera.com\/de\/antas-petit-verdot\/#breadcrumb\",\"itemListElement\":[{\"@type\":\"ListItem\",\"position\":1,\"name\":\"Home\",\"item\":\"https:\/\/bodegasierraalmagrera.com\/de\/startseite\/\"},{\"@type\":\"ListItem\",\"position\":2,\"name\":\"Antas Petit Verdot\"}]},{\"@type\":\"WebSite\",\"@id\":\"https:\/\/bodegasierraalmagrera.com\/de\/#website\",\"url\":\"https:\/\/bodegasierraalmagrera.com\/de\/\",\"name\":\"Bodega Sierra Almagrera\",\"description\":\"\",\"publisher\":{\"@id\":\"https:\/\/bodegasierraalmagrera.com\/de\/#organization\"},\"potentialAction\":[{\"@type\":\"SearchAction\",\"target\":{\"@type\":\"EntryPoint\",\"urlTemplate\":\"https:\/\/bodegasierraalmagrera.com\/de\/?s={search_term_string}\"},\"query-input\":{\"@type\":\"PropertyValueSpecification\",\"valueRequired\":true,\"valueName\":\"search_term_string\"}}],\"inLanguage\":\"de\"},{\"@type\":\"Organization\",\"@id\":\"https:\/\/bodegasierraalmagrera.com\/de\/#organization\",\"name\":\"Bodega Sierra Almagrera\",\"url\":\"https:\/\/bodegasierraalmagrera.com\/de\/\",\"logo\":{\"@type\":\"ImageObject\",\"inLanguage\":\"de\",\"@id\":\"https:\/\/bodegasierraalmagrera.com\/de\/#\/schema\/logo\/image\/\",\"url\":\"https:\/\/bodegasierraalmagrera.com\/wp-content\/uploads\/2026\/02\/bodega-sierra-almagrera-fondo-transparente-2-1.png\",\"contentUrl\":\"https:\/\/bodegasierraalmagrera.com\/wp-content\/uploads\/2026\/02\/bodega-sierra-almagrera-fondo-transparente-2-1.png\",\"width\":500,\"height\":150,\"caption\":\"Bodega Sierra Almagrera\"},\"image\":{\"@id\":\"https:\/\/bodegasierraalmagrera.com\/de\/#\/schema\/logo\/image\/\"}}]}<\/script>\n<!-- \/ Yoast SEO plugin. -->","yoast_head_json":{"title":"Antas Petit Verdot Wein | Bodega Sierra Almagrera","description":"Antas Petit Verdot ist ein erstklassiger Rotwein von gro\u00dfer Struktur und Eleganz, der von der Bodega Sierra Almagrera aus selektierten Trauben erzeugt wird.","robots":{"index":"index","follow":"follow","max-snippet":"max-snippet:-1","max-image-preview":"max-image-preview:large","max-video-preview":"max-video-preview:-1"},"canonical":"https:\/\/bodegasierraalmagrera.com\/de\/antas-petit-verdot\/","og_locale":"de_DE","og_type":"article","og_title":"Antas Petit Verdot Wein | Bodega Sierra Almagrera","og_description":"Antas Petit Verdot ist ein erstklassiger Rotwein von gro\u00dfer Struktur und Eleganz, der von der Bodega Sierra Almagrera aus selektierten Trauben erzeugt wird.","og_url":"https:\/\/bodegasierraalmagrera.com\/de\/antas-petit-verdot\/","og_site_name":"Bodega Sierra Almagrera","article_modified_time":"2026-04-08T07:59:57+00:00","og_image":[{"width":500,"height":500,"url":"https:\/\/bodegasierraalmagrera.com\/wp-content\/uploads\/2026\/02\/antas-petit-verdot-1.jpg","type":"image\/jpeg"}],"twitter_card":"summary_large_image","twitter_misc":{"Gesch\u00e4tzte Lesezeit":"1\u00a0Minute"},"schema":{"@context":"https:\/\/schema.org","@graph":[{"@type":"WebPage","@id":"https:\/\/bodegasierraalmagrera.com\/de\/antas-petit-verdot\/","url":"https:\/\/bodegasierraalmagrera.com\/de\/antas-petit-verdot\/","name":"Antas Petit Verdot Wein | Bodega Sierra Almagrera","isPartOf":{"@id":"https:\/\/bodegasierraalmagrera.com\/de\/#website"},"primaryImageOfPage":{"@id":"https:\/\/bodegasierraalmagrera.com\/de\/antas-petit-verdot\/#primaryimage"},"image":{"@id":"https:\/\/bodegasierraalmagrera.com\/de\/antas-petit-verdot\/#primaryimage"},"thumbnailUrl":"https:\/\/bodegasierraalmagrera.com\/wp-content\/uploads\/2026\/02\/antas-petit-verdot-1.jpg","datePublished":"2026-02-20T19:17:39+00:00","dateModified":"2026-04-08T07:59:57+00:00","description":"Antas Petit Verdot ist ein erstklassiger Rotwein von gro\u00dfer Struktur und Eleganz, der von der Bodega Sierra Almagrera aus selektierten Trauben erzeugt wird.","breadcrumb":{"@id":"https:\/\/bodegasierraalmagrera.com\/de\/antas-petit-verdot\/#breadcrumb"},"inLanguage":"de","potentialAction":[{"@type":"ReadAction","target":["https:\/\/bodegasierraalmagrera.com\/de\/antas-petit-verdot\/"]}]},{"@type":"ImageObject","inLanguage":"de","@id":"https:\/\/bodegasierraalmagrera.com\/de\/antas-petit-verdot\/#primaryimage","url":"https:\/\/bodegasierraalmagrera.com\/wp-content\/uploads\/2026\/02\/antas-petit-verdot-1.jpg","contentUrl":"https:\/\/bodegasierraalmagrera.com\/wp-content\/uploads\/2026\/02\/antas-petit-verdot-1.jpg"},{"@type":"BreadcrumbList","@id":"https:\/\/bodegasierraalmagrera.com\/de\/antas-petit-verdot\/#breadcrumb","itemListElement":[{"@type":"ListItem","position":1,"name":"Home","item":"https:\/\/bodegasierraalmagrera.com\/de\/startseite\/"},{"@type":"ListItem","position":2,"name":"Antas Petit Verdot"}]},{"@type":"WebSite","@id":"https:\/\/bodegasierraalmagrera.com\/de\/#website","url":"https:\/\/bodegasierraalmagrera.com\/de\/","name":"Bodega Sierra Almagrera","description":"","publisher":{"@id":"https:\/\/bodegasierraalmagrera.com\/de\/#organization"},"potentialAction":[{"@type":"SearchAction","target":{"@type":"EntryPoint","urlTemplate":"https:\/\/bodegasierraalmagrera.com\/de\/?s={search_term_string}"},"query-input":{"@type":"PropertyValueSpecification","valueRequired":true,"valueName":"search_term_string"}}],"inLanguage":"de"},{"@type":"Organization","@id":"https:\/\/bodegasierraalmagrera.com\/de\/#organization","name":"Bodega Sierra Almagrera","url":"https:\/\/bodegasierraalmagrera.com\/de\/","logo":{"@type":"ImageObject","inLanguage":"de","@id":"https:\/\/bodegasierraalmagrera.com\/de\/#\/schema\/logo\/image\/","url":"https:\/\/bodegasierraalmagrera.com\/wp-content\/uploads\/2026\/02\/bodega-sierra-almagrera-fondo-transparente-2-1.png","contentUrl":"https:\/\/bodegasierraalmagrera.com\/wp-content\/uploads\/2026\/02\/bodega-sierra-almagrera-fondo-transparente-2-1.png","width":500,"height":150,"caption":"Bodega Sierra Almagrera"},"image":{"@id":"https:\/\/bodegasierraalmagrera.com\/de\/#\/schema\/logo\/image\/"}}]}},"_links":{"self":[{"href":"https:\/\/bodegasierraalmagrera.com\/de\/wp-json\/wp\/v2\/pages\/1833","targetHints":{"allow":["GET"]}}],"collection":[{"href":"https:\/\/bodegasierraalmagrera.com\/de\/wp-json\/wp\/v2\/pages"}],"about":[{"href":"https:\/\/bodegasierraalmagrera.com\/de\/wp-json\/wp\/v2\/types\/page"}],"author":[{"embeddable":true,"href":"https:\/\/bodegasierraalmagrera.com\/de\/wp-json\/wp\/v2\/users\/2"}],"replies":[{"embeddable":true,"href":"https:\/\/bodegasierraalmagrera.com\/de\/wp-json\/wp\/v2\/comments?post=1833"}],"version-history":[{"count":2,"href":"https:\/\/bodegasierraalmagrera.com\/de\/wp-json\/wp\/v2\/pages\/1833\/revisions"}],"predecessor-version":[{"id":2155,"href":"https:\/\/bodegasierraalmagrera.com\/de\/wp-json\/wp\/v2\/pages\/1833\/revisions\/2155"}],"wp:attachment":[{"href":"https:\/\/bodegasierraalmagrera.com\/de\/wp-json\/wp\/v2\/media?parent=1833"}],"curies":[{"name":"wp","href":"https:\/\/api.w.org\/{rel}","templated":true}]}}