{"id":1838,"date":"2026-02-20T19:16:25","date_gmt":"2026-02-20T19:16:25","guid":{"rendered":"https:\/\/bodegasierraalmagrera.com\/antas-syrah\/"},"modified":"2026-04-08T08:00:53","modified_gmt":"2026-04-08T08:00:53","slug":"antas-syrah","status":"publish","type":"page","link":"https:\/\/bodegasierraalmagrera.com\/de\/antas-syrah\/","title":{"rendered":"Antas Syrah"},"content":{"rendered":"\t\t<div data-elementor-type=\"wp-page\" data-elementor-id=\"1838\" class=\"elementor elementor-1838 elementor-21\" data-elementor-post-type=\"page\">\n\t\t\t\t<div class=\"elementor-element elementor-element-595bd52 e-con-full e-flex e-con e-parent\" data-id=\"595bd52\" data-element_type=\"container\" data-e-type=\"container\" data-settings=\"{&quot;background_background&quot;:&quot;classic&quot;}\">\n\t\t\t\t<div class=\"elementor-element elementor-element-72caccd elementor-widget elementor-widget-heading\" data-id=\"72caccd\" data-element_type=\"widget\" data-e-type=\"widget\" data-widget_type=\"heading.default\">\n\t\t\t\t\t<h1 class=\"elementor-heading-title elementor-size-default\">ANTAS\u00ae SYRAH<\/h1>\t\t\t\t<\/div>\n\t\t\t\t<\/div>\n\t\t<div class=\"elementor-element elementor-element-2e1c65c e-flex e-con-boxed e-con e-parent\" data-id=\"2e1c65c\" data-element_type=\"container\" data-e-type=\"container\" data-settings=\"{&quot;background_background&quot;:&quot;classic&quot;}\">\n\t\t\t\t\t<div class=\"e-con-inner\">\n\t\t<div class=\"elementor-element elementor-element-5879b9f e-con-full elementor-hidden-mobile e-flex elementor-invisible e-con e-child\" data-id=\"5879b9f\" data-element_type=\"container\" data-e-type=\"container\" data-settings=\"{&quot;animation&quot;:&quot;fadeIn&quot;}\">\n\t\t\t\t<div class=\"elementor-element elementor-element-f9deb42 elementor-widget elementor-widget-image\" data-id=\"f9deb42\" data-element_type=\"widget\" data-e-type=\"widget\" data-widget_type=\"image.default\">\n\t\t\t\t\t\t\t\t\t\t\t\t\t\t\t<img fetchpriority=\"high\" decoding=\"async\" width=\"500\" height=\"625\" src=\"https:\/\/bodegasierraalmagrera.com\/wp-content\/uploads\/2026\/02\/Antas-Syrah-2-1-1.jpg\" class=\"attachment-large size-large wp-image-1840\" alt=\"Antas Syrah Fass\" srcset=\"https:\/\/bodegasierraalmagrera.com\/wp-content\/uploads\/2026\/02\/Antas-Syrah-2-1-1.jpg 500w, https:\/\/bodegasierraalmagrera.com\/wp-content\/uploads\/2026\/02\/Antas-Syrah-2-1-1-240x300.jpg 240w\" sizes=\"(max-width: 500px) 100vw, 500px\" \/>\t\t\t\t\t\t\t\t\t\t\t\t\t\t\t<\/div>\n\t\t\t\t<\/div>\n\t\t<div class=\"elementor-element elementor-element-e3e5ba6 e-con-full e-flex elementor-invisible e-con e-child\" data-id=\"e3e5ba6\" data-element_type=\"container\" data-e-type=\"container\" data-settings=\"{&quot;animation&quot;:&quot;fadeInRight&quot;}\">\n\t\t\t\t<div class=\"elementor-element elementor-element-7c9bb77 elementor-widget elementor-widget-heading\" data-id=\"7c9bb77\" data-element_type=\"widget\" data-e-type=\"widget\" data-widget_type=\"heading.default\">\n\t\t\t\t\t<h2 class=\"elementor-heading-title elementor-size-default\">Wein SYRAH<\/h2>\t\t\t\t<\/div>\n\t\t\t\t<div class=\"elementor-element elementor-element-e0abb38 elementor-widget elementor-widget-text-editor\" data-id=\"e0abb38\" data-element_type=\"widget\" data-e-type=\"widget\" data-widget_type=\"text-editor.default\">\n\t\t\t\t\t\t\t\t\t<p><span class=\"a_GcMg font-feature-liga-off font-feature-clig-off font-feature-calt-off text-decoration-none text-strikethrough-none\">Junger Syrah mit Ambitionen: reife schwarze Fr\u00fcchte, balsamische Noten, Gew\u00fcrze und ein volumin\u00f6ser Gaumen mit pr\u00e4sentem, aber feinem Tannin. Ein sehr gastronomischer Rotwein mit Entwicklungspotenzial.<\/span><\/p>\t\t\t\t\t\t\t\t<\/div>\n\t\t<div class=\"elementor-element elementor-element-e890c0f e-con-full elementor-hidden-desktop elementor-hidden-tablet e-flex elementor-invisible e-con e-child\" data-id=\"e890c0f\" data-element_type=\"container\" data-e-type=\"container\" data-settings=\"{&quot;animation&quot;:&quot;fadeIn&quot;}\">\n\t\t\t\t<div class=\"elementor-element elementor-element-85849f0 elementor-widget elementor-widget-image\" data-id=\"85849f0\" data-element_type=\"widget\" data-e-type=\"widget\" data-widget_type=\"image.default\">\n\t\t\t\t\t\t\t\t\t\t\t\t\t\t\t<img fetchpriority=\"high\" decoding=\"async\" width=\"500\" height=\"625\" src=\"https:\/\/bodegasierraalmagrera.com\/wp-content\/uploads\/2026\/02\/Antas-Syrah-2-1-1.jpg\" class=\"attachment-large size-large wp-image-1840\" alt=\"Antas Syrah Fass\" srcset=\"https:\/\/bodegasierraalmagrera.com\/wp-content\/uploads\/2026\/02\/Antas-Syrah-2-1-1.jpg 500w, https:\/\/bodegasierraalmagrera.com\/wp-content\/uploads\/2026\/02\/Antas-Syrah-2-1-1-240x300.jpg 240w\" sizes=\"(max-width: 500px) 100vw, 500px\" \/>\t\t\t\t\t\t\t\t\t\t\t\t\t\t\t<\/div>\n\t\t\t\t<\/div>\n\t\t\t\t<\/div>\n\t\t\t\t\t<\/div>\n\t\t\t\t<\/div>\n\t\t<div class=\"elementor-element elementor-element-df34b61 e-flex e-con-boxed e-con e-parent\" data-id=\"df34b61\" data-element_type=\"container\" data-e-type=\"container\">\n\t\t\t\t\t<div class=\"e-con-inner\">\n\t\t<div class=\"elementor-element elementor-element-a6e9d70 e-con-full e-flex elementor-invisible e-con e-child\" data-id=\"a6e9d70\" data-element_type=\"container\" data-e-type=\"container\" data-settings=\"{&quot;background_background&quot;:&quot;classic&quot;,&quot;animation&quot;:&quot;fadeInLeft&quot;}\">\n\t\t\t\t<div class=\"elementor-element elementor-element-7755f14 elementor-widget__width-initial elementor-widget elementor-widget-text-editor\" data-id=\"7755f14\" data-element_type=\"widget\" data-e-type=\"widget\" data-widget_type=\"text-editor.default\">\n\t\t\t\t\t\t\t\t\t<p><span class=\"a_GcMg font-feature-liga-off font-feature-clig-off font-feature-calt-off text-decoration-none text-strikethrough-none\">WEINBERG IN ANTAS<\/span><\/p>\t\t\t\t\t\t\t\t<\/div>\n\t\t\t\t<div class=\"elementor-element elementor-element-eefea7e elementor-widget__width-initial elementor-widget elementor-widget-text-editor\" data-id=\"eefea7e\" data-element_type=\"widget\" data-e-type=\"widget\" data-widget_type=\"text-editor.default\">\n\t\t\t\t\t\t\t\t\t<p><span class=\"a_GcMg font-feature-liga-off font-feature-clig-off font-feature-calt-off text-decoration-none text-strikethrough-none\">Rebst\u00f6cke auf 400 m H\u00f6he in Antas (Almer\u00eda).<\/span><\/p>\t\t\t\t\t\t\t\t<\/div>\n\t\t\t\t<div class=\"elementor-element elementor-element-f3f5930 elementor-widget__width-initial elementor-widget elementor-widget-text-editor\" data-id=\"f3f5930\" data-element_type=\"widget\" data-e-type=\"widget\" data-widget_type=\"text-editor.default\">\n\t\t\t\t\t\t\t\t\t<p><span class=\"a_GcMg font-feature-liga-off font-feature-clig-off font-feature-calt-off text-decoration-none text-strikethrough-none\">HERSTELLUNG UND AUSBAU<\/span><\/p>\t\t\t\t\t\t\t\t<\/div>\n\t\t\t\t<div class=\"elementor-element elementor-element-9656084 elementor-widget__width-initial elementor-widget elementor-widget-text-editor\" data-id=\"9656084\" data-element_type=\"widget\" data-e-type=\"widget\" data-widget_type=\"text-editor.default\">\n\t\t\t\t\t\t\t\t\t<p><span class=\"a_GcMg font-feature-liga-off font-feature-clig-off font-feature-calt-off text-decoration-none text-strikethrough-none\">Handlese in 15-kg-Kisten, doppelte Selektion. G\u00e4rung in Edelstahltanks bei 23\u201325 \u00b0C mit sanften Remontagen (2\u20133). Nach sanfter Pressung und malolaktischer G\u00e4rung Reifung auf der Hefe f\u00fcr einige Monate bis zur Abf\u00fcllung.<\/span><\/p>\t\t\t\t\t\t\t\t<\/div>\n\t\t\t\t<div class=\"elementor-element elementor-element-fb576a7 elementor-widget__width-initial elementor-widget elementor-widget-text-editor\" data-id=\"fb576a7\" data-element_type=\"widget\" data-e-type=\"widget\" data-widget_type=\"text-editor.default\">\n\t\t\t\t\t\t\t\t\t<p><span class=\"a_GcMg font-feature-liga-off font-feature-clig-off font-feature-calt-off text-decoration-none text-strikethrough-none\">VERKOSTUNGSNOTIZ<\/span><\/p>\t\t\t\t\t\t\t\t<\/div>\n\t\t\t\t<div class=\"elementor-element elementor-element-831ac7c elementor-widget__width-initial elementor-widget elementor-widget-text-editor\" data-id=\"831ac7c\" data-element_type=\"widget\" data-e-type=\"widget\" data-widget_type=\"text-editor.default\">\n\t\t\t\t\t\t\t\t\t<p><span class=\"a_GcMg font-feature-liga-off font-feature-clig-off font-feature-calt-off text-decoration-none text-strikethrough-none\">Sehr intensives Kirschrot mit fast bl\u00e4ulichem Rand. Nase von Brombeeren, Cassis, Kirsche, Pflaume; balsamische Noten und Gew\u00fcrze mit Ankl\u00e4ngen von Schokolade und Tabak. F\u00fclliger, volumin\u00f6ser Gaumen, feines Tannin, gute S\u00e4ure und langer Abgang.<\/span><\/p>\t\t\t\t\t\t\t\t<\/div>\n\t\t\t\t<div class=\"elementor-element elementor-element-59f73c2 elementor-widget__width-initial elementor-widget elementor-widget-text-editor\" data-id=\"59f73c2\" data-element_type=\"widget\" data-e-type=\"widget\" data-widget_type=\"text-editor.default\">\n\t\t\t\t\t\t\t\t\t<p><span class=\"a_GcMg font-feature-liga-off font-feature-clig-off font-feature-calt-off text-decoration-none text-strikethrough-none\">SERVIEREMPFEHLUNG UND SPEISEBEGLEITUNG<\/span><\/p>\t\t\t\t\t\t\t\t<\/div>\n\t\t\t\t<div class=\"elementor-element elementor-element-12287f7 elementor-widget__width-initial elementor-widget elementor-widget-text-editor\" data-id=\"12287f7\" data-element_type=\"widget\" data-e-type=\"widget\" data-widget_type=\"text-editor.default\">\n\t\t\t\t\t\t\t\t\t<p><span class=\"a_GcMg font-feature-liga-off font-feature-clig-off font-feature-calt-off text-decoration-none text-strikethrough-none\">Zu Wurstwaren, K\u00e4se, Pasta und herzhaften Eint\u00f6pfen; auch zu gegrilltem oder in Sauce zubereitetem rotem Fleisch.<\/span><\/p>\t\t\t\t\t\t\t\t<\/div>\n\t\t\t\t<div class=\"elementor-element elementor-element-fa5bc68 elementor-align-start elementor-icon-list--layout-traditional elementor-list-item-link-full_width elementor-widget elementor-widget-icon-list\" data-id=\"fa5bc68\" data-element_type=\"widget\" data-e-type=\"widget\" data-widget_type=\"icon-list.default\">\n\t\t\t\t\t\t\t<ul class=\"elementor-icon-list-items\">\n\t\t\t\t\t\t\t<li class=\"elementor-icon-list-item\">\n\t\t\t\t\t\t\t\t\t\t\t<a href=\"https:\/\/bodegasierraalmagrera.com\/wp-content\/uploads\/2026\/02\/fichaANTASsyrah_V2_compressed.pdf\" target=\"_blank\">\n\n\t\t\t\t\t\t\t\t\t\t\t\t<span class=\"elementor-icon-list-icon\">\n\t\t\t\t\t\t\t<svg aria-hidden=\"true\" class=\"e-font-icon-svg e-far-arrow-alt-circle-right\" viewBox=\"0 0 512 512\" xmlns=\"http:\/\/www.w3.org\/2000\/svg\"><path d=\"M504 256C504 119 393 8 256 8S8 119 8 256s111 248 248 248 248-111 248-248zm-448 0c0-110.5 89.5-200 200-200s200 89.5 200 200-89.5 200-200 200S56 366.5 56 256zm72 20v-40c0-6.6 5.4-12 12-12h116v-67c0-10.7 12.9-16 20.5-8.5l99 99c4.7 4.7 4.7 12.3 0 17l-99 99c-7.6 7.6-20.5 2.2-20.5-8.5v-67H140c-6.6 0-12-5.4-12-12z\"><\/path><\/svg>\t\t\t\t\t\t<\/span>\n\t\t\t\t\t\t\t\t\t\t<span class=\"elementor-icon-list-text\">TECHNISCHES DATENBLATT HERUNTERLADEN<\/span>\n\t\t\t\t\t\t\t\t\t\t\t<\/a>\n\t\t\t\t\t\t\t\t\t<\/li>\n\t\t\t\t\t\t<\/ul>\n\t\t\t\t\t\t<\/div>\n\t\t\t\t<\/div>\n\t\t<div class=\"elementor-element elementor-element-abe00bd e-con-full e-flex elementor-invisible e-con e-child\" data-id=\"abe00bd\" data-element_type=\"container\" data-e-type=\"container\" data-settings=\"{&quot;animation&quot;:&quot;fadeInRight&quot;}\">\n\t\t\t\t<div class=\"elementor-element elementor-element-c99186d elementor-widget elementor-widget-image\" data-id=\"c99186d\" data-element_type=\"widget\" data-e-type=\"widget\" data-widget_type=\"image.default\">\n\t\t\t\t\t\t\t\t\t\t\t\t\t\t\t<img decoding=\"async\" width=\"400\" height=\"993\" src=\"https:\/\/bodegasierraalmagrera.com\/wp-content\/uploads\/2026\/02\/ANTASsyrahnuevo-1-1-1.png\" class=\"attachment-large size-large wp-image-1753\" alt=\"Antas Syrah Flasche\" srcset=\"https:\/\/bodegasierraalmagrera.com\/wp-content\/uploads\/2026\/02\/ANTASsyrahnuevo-1-1-1.png 400w, https:\/\/bodegasierraalmagrera.com\/wp-content\/uploads\/2026\/02\/ANTASsyrahnuevo-1-1-1-121x300.png 121w\" sizes=\"(max-width: 400px) 100vw, 400px\" \/>\t\t\t\t\t\t\t\t\t\t\t\t\t\t\t<\/div>\n\t\t\t\t<\/div>\n\t\t\t\t\t<\/div>\n\t\t\t\t<\/div>\n\t\t<div class=\"elementor-element elementor-element-4c35744 e-flex e-con-boxed e-con e-parent\" data-id=\"4c35744\" data-element_type=\"container\" data-e-type=\"container\">\n\t\t\t\t\t<div class=\"e-con-inner\">\n\t\t\t\t<div class=\"elementor-element elementor-element-06262e5 elementor-widget__width-initial elementor-widget elementor-widget-text-editor\" data-id=\"06262e5\" data-element_type=\"widget\" data-e-type=\"widget\" data-widget_type=\"text-editor.default\">\n\t\t\t\t\t\t\t\t\t<p>Das Etikett dieses Weins zeigt ein Symbol der Argar-Kultur. Wenn Sie seine Bedeutung und die Geschichte von El Argar erfahren m\u00f6chten, entdecken Sie sie hier:<\/p>\t\t\t\t\t\t\t\t<\/div>\n\t\t\t\t<div class=\"elementor-element elementor-element-26ad3c6 elementor-align-center elementor-icon-list--layout-traditional elementor-list-item-link-full_width elementor-widget elementor-widget-icon-list\" data-id=\"26ad3c6\" data-element_type=\"widget\" data-e-type=\"widget\" data-widget_type=\"icon-list.default\">\n\t\t\t\t\t\t\t<ul class=\"elementor-icon-list-items\">\n\t\t\t\t\t\t\t<li class=\"elementor-icon-list-item\">\n\t\t\t\t\t\t\t\t\t\t\t<a href=\"https:\/\/bodegasierraalmagrera.com\/de\/el-argar\/\">\n\n\t\t\t\t\t\t\t\t\t\t\t\t<span class=\"elementor-icon-list-icon\">\n\t\t\t\t\t\t\t<svg aria-hidden=\"true\" class=\"e-font-icon-svg e-far-arrow-alt-circle-right\" viewBox=\"0 0 512 512\" xmlns=\"http:\/\/www.w3.org\/2000\/svg\"><path d=\"M504 256C504 119 393 8 256 8S8 119 8 256s111 248 248 248 248-111 248-248zm-448 0c0-110.5 89.5-200 200-200s200 89.5 200 200-89.5 200-200 200S56 366.5 56 256zm72 20v-40c0-6.6 5.4-12 12-12h116v-67c0-10.7 12.9-16 20.5-8.5l99 99c4.7 4.7 4.7 12.3 0 17l-99 99c-7.6 7.6-20.5 2.2-20.5-8.5v-67H140c-6.6 0-12-5.4-12-12z\"><\/path><\/svg>\t\t\t\t\t\t<\/span>\n\t\t\t\t\t\t\t\t\t\t<span class=\"elementor-icon-list-text\">EL ARGAR<\/span>\n\t\t\t\t\t\t\t\t\t\t\t<\/a>\n\t\t\t\t\t\t\t\t\t<\/li>\n\t\t\t\t\t\t<\/ul>\n\t\t\t\t\t\t<\/div>\n\t\t\t\t\t<\/div>\n\t\t\t\t<\/div>\n\t\t\t\t<\/div>\n\t\t","protected":false},"excerpt":{"rendered":"<p>ANTAS\u00ae SYRAH Wein SYRAH Junger Syrah mit Ambitionen: reife schwarze Fr\u00fcchte, balsamische Noten, Gew\u00fcrze und ein volumin\u00f6ser Gaumen mit pr\u00e4sentem, aber feinem Tannin. Ein sehr gastronomischer Rotwein mit Entwicklungspotenzial. WEINBERG IN ANTAS Rebst\u00f6cke auf 400 m H\u00f6he in Antas (Almer\u00eda). HERSTELLUNG UND AUSBAU Handlese in 15-kg-Kisten, doppelte Selektion. G\u00e4rung in Edelstahltanks bei 23\u201325 \u00b0C mit [&hellip;]<\/p>\n","protected":false},"author":2,"featured_media":0,"parent":0,"menu_order":0,"comment_status":"closed","ping_status":"closed","template":"","meta":{"footnotes":""},"class_list":["post-1838","page","type-page","status-publish","hentry"],"yoast_head":"<!-- This site is optimized with the Yoast SEO plugin v27.0 - https:\/\/yoast.com\/product\/yoast-seo-wordpress\/ -->\n<title>Antas Syrah, Syrah-Wein vom Winzer | Bodega Sierra Almagrera<\/title>\n<meta name=\"description\" content=\"Antas Syrah ist ein Rotwein aus Syrah-Trauben, intensiv und ausdrucksstark, der den Charakter des Terroirs von Sierra Almagrera widerspiegelt.\" \/>\n<meta name=\"robots\" content=\"index, follow, max-snippet:-1, max-image-preview:large, max-video-preview:-1\" \/>\n<link rel=\"canonical\" href=\"https:\/\/bodegasierraalmagrera.com\/de\/antas-syrah\/\" \/>\n<meta property=\"og:locale\" content=\"de_DE\" \/>\n<meta property=\"og:type\" content=\"article\" \/>\n<meta property=\"og:title\" content=\"Antas Syrah, Syrah-Wein vom Winzer | Bodega Sierra Almagrera\" \/>\n<meta property=\"og:description\" content=\"Antas Syrah ist ein Rotwein aus Syrah-Trauben, intensiv und ausdrucksstark, der den Charakter des Terroirs von Sierra Almagrera widerspiegelt.\" \/>\n<meta property=\"og:url\" content=\"https:\/\/bodegasierraalmagrera.com\/de\/antas-syrah\/\" \/>\n<meta property=\"og:site_name\" content=\"Bodega Sierra Almagrera\" \/>\n<meta property=\"article:modified_time\" content=\"2026-04-08T08:00:53+00:00\" \/>\n<meta property=\"og:image\" content=\"https:\/\/bodegasierraalmagrera.com\/wp-content\/uploads\/2026\/02\/Antas-Syrah-2-1-1.jpg\" \/>\n\t<meta property=\"og:image:width\" content=\"500\" \/>\n\t<meta property=\"og:image:height\" content=\"625\" \/>\n\t<meta property=\"og:image:type\" content=\"image\/jpeg\" \/>\n<meta name=\"twitter:card\" content=\"summary_large_image\" \/>\n<meta name=\"twitter:label1\" content=\"Gesch\u00e4tzte Lesezeit\" \/>\n\t<meta name=\"twitter:data1\" content=\"1\u00a0Minute\" \/>\n<script type=\"application\/ld+json\" class=\"yoast-schema-graph\">{\"@context\":\"https:\/\/schema.org\",\"@graph\":[{\"@type\":\"WebPage\",\"@id\":\"https:\/\/bodegasierraalmagrera.com\/de\/antas-syrah\/\",\"url\":\"https:\/\/bodegasierraalmagrera.com\/de\/antas-syrah\/\",\"name\":\"Antas Syrah, Syrah-Wein vom Winzer | Bodega Sierra Almagrera\",\"isPartOf\":{\"@id\":\"https:\/\/bodegasierraalmagrera.com\/de\/#website\"},\"primaryImageOfPage\":{\"@id\":\"https:\/\/bodegasierraalmagrera.com\/de\/antas-syrah\/#primaryimage\"},\"image\":{\"@id\":\"https:\/\/bodegasierraalmagrera.com\/de\/antas-syrah\/#primaryimage\"},\"thumbnailUrl\":\"https:\/\/bodegasierraalmagrera.com\/wp-content\/uploads\/2026\/02\/Antas-Syrah-2-1-1.jpg\",\"datePublished\":\"2026-02-20T19:16:25+00:00\",\"dateModified\":\"2026-04-08T08:00:53+00:00\",\"description\":\"Antas Syrah ist ein Rotwein aus Syrah-Trauben, intensiv und ausdrucksstark, der den Charakter des Terroirs von Sierra Almagrera widerspiegelt.\",\"breadcrumb\":{\"@id\":\"https:\/\/bodegasierraalmagrera.com\/de\/antas-syrah\/#breadcrumb\"},\"inLanguage\":\"de\",\"potentialAction\":[{\"@type\":\"ReadAction\",\"target\":[\"https:\/\/bodegasierraalmagrera.com\/de\/antas-syrah\/\"]}]},{\"@type\":\"ImageObject\",\"inLanguage\":\"de\",\"@id\":\"https:\/\/bodegasierraalmagrera.com\/de\/antas-syrah\/#primaryimage\",\"url\":\"https:\/\/bodegasierraalmagrera.com\/wp-content\/uploads\/2026\/02\/Antas-Syrah-2-1-1.jpg\",\"contentUrl\":\"https:\/\/bodegasierraalmagrera.com\/wp-content\/uploads\/2026\/02\/Antas-Syrah-2-1-1.jpg\"},{\"@type\":\"BreadcrumbList\",\"@id\":\"https:\/\/bodegasierraalmagrera.com\/de\/antas-syrah\/#breadcrumb\",\"itemListElement\":[{\"@type\":\"ListItem\",\"position\":1,\"name\":\"Home\",\"item\":\"https:\/\/bodegasierraalmagrera.com\/de\/startseite\/\"},{\"@type\":\"ListItem\",\"position\":2,\"name\":\"Antas Syrah\"}]},{\"@type\":\"WebSite\",\"@id\":\"https:\/\/bodegasierraalmagrera.com\/de\/#website\",\"url\":\"https:\/\/bodegasierraalmagrera.com\/de\/\",\"name\":\"Bodega Sierra Almagrera\",\"description\":\"\",\"publisher\":{\"@id\":\"https:\/\/bodegasierraalmagrera.com\/de\/#organization\"},\"potentialAction\":[{\"@type\":\"SearchAction\",\"target\":{\"@type\":\"EntryPoint\",\"urlTemplate\":\"https:\/\/bodegasierraalmagrera.com\/de\/?s={search_term_string}\"},\"query-input\":{\"@type\":\"PropertyValueSpecification\",\"valueRequired\":true,\"valueName\":\"search_term_string\"}}],\"inLanguage\":\"de\"},{\"@type\":\"Organization\",\"@id\":\"https:\/\/bodegasierraalmagrera.com\/de\/#organization\",\"name\":\"Bodega Sierra Almagrera\",\"url\":\"https:\/\/bodegasierraalmagrera.com\/de\/\",\"logo\":{\"@type\":\"ImageObject\",\"inLanguage\":\"de\",\"@id\":\"https:\/\/bodegasierraalmagrera.com\/de\/#\/schema\/logo\/image\/\",\"url\":\"https:\/\/bodegasierraalmagrera.com\/wp-content\/uploads\/2026\/02\/bodega-sierra-almagrera-fondo-transparente-2-1.png\",\"contentUrl\":\"https:\/\/bodegasierraalmagrera.com\/wp-content\/uploads\/2026\/02\/bodega-sierra-almagrera-fondo-transparente-2-1.png\",\"width\":500,\"height\":150,\"caption\":\"Bodega Sierra Almagrera\"},\"image\":{\"@id\":\"https:\/\/bodegasierraalmagrera.com\/de\/#\/schema\/logo\/image\/\"}}]}<\/script>\n<!-- \/ Yoast SEO plugin. -->","yoast_head_json":{"title":"Antas Syrah, Syrah-Wein vom Winzer | Bodega Sierra Almagrera","description":"Antas Syrah ist ein Rotwein aus Syrah-Trauben, intensiv und ausdrucksstark, der den Charakter des Terroirs von Sierra Almagrera widerspiegelt.","robots":{"index":"index","follow":"follow","max-snippet":"max-snippet:-1","max-image-preview":"max-image-preview:large","max-video-preview":"max-video-preview:-1"},"canonical":"https:\/\/bodegasierraalmagrera.com\/de\/antas-syrah\/","og_locale":"de_DE","og_type":"article","og_title":"Antas Syrah, Syrah-Wein vom Winzer | Bodega Sierra Almagrera","og_description":"Antas Syrah ist ein Rotwein aus Syrah-Trauben, intensiv und ausdrucksstark, der den Charakter des Terroirs von Sierra Almagrera widerspiegelt.","og_url":"https:\/\/bodegasierraalmagrera.com\/de\/antas-syrah\/","og_site_name":"Bodega Sierra Almagrera","article_modified_time":"2026-04-08T08:00:53+00:00","og_image":[{"width":500,"height":625,"url":"https:\/\/bodegasierraalmagrera.com\/wp-content\/uploads\/2026\/02\/Antas-Syrah-2-1-1.jpg","type":"image\/jpeg"}],"twitter_card":"summary_large_image","twitter_misc":{"Gesch\u00e4tzte Lesezeit":"1\u00a0Minute"},"schema":{"@context":"https:\/\/schema.org","@graph":[{"@type":"WebPage","@id":"https:\/\/bodegasierraalmagrera.com\/de\/antas-syrah\/","url":"https:\/\/bodegasierraalmagrera.com\/de\/antas-syrah\/","name":"Antas Syrah, Syrah-Wein vom Winzer | Bodega Sierra Almagrera","isPartOf":{"@id":"https:\/\/bodegasierraalmagrera.com\/de\/#website"},"primaryImageOfPage":{"@id":"https:\/\/bodegasierraalmagrera.com\/de\/antas-syrah\/#primaryimage"},"image":{"@id":"https:\/\/bodegasierraalmagrera.com\/de\/antas-syrah\/#primaryimage"},"thumbnailUrl":"https:\/\/bodegasierraalmagrera.com\/wp-content\/uploads\/2026\/02\/Antas-Syrah-2-1-1.jpg","datePublished":"2026-02-20T19:16:25+00:00","dateModified":"2026-04-08T08:00:53+00:00","description":"Antas Syrah ist ein Rotwein aus Syrah-Trauben, intensiv und ausdrucksstark, der den Charakter des Terroirs von Sierra Almagrera widerspiegelt.","breadcrumb":{"@id":"https:\/\/bodegasierraalmagrera.com\/de\/antas-syrah\/#breadcrumb"},"inLanguage":"de","potentialAction":[{"@type":"ReadAction","target":["https:\/\/bodegasierraalmagrera.com\/de\/antas-syrah\/"]}]},{"@type":"ImageObject","inLanguage":"de","@id":"https:\/\/bodegasierraalmagrera.com\/de\/antas-syrah\/#primaryimage","url":"https:\/\/bodegasierraalmagrera.com\/wp-content\/uploads\/2026\/02\/Antas-Syrah-2-1-1.jpg","contentUrl":"https:\/\/bodegasierraalmagrera.com\/wp-content\/uploads\/2026\/02\/Antas-Syrah-2-1-1.jpg"},{"@type":"BreadcrumbList","@id":"https:\/\/bodegasierraalmagrera.com\/de\/antas-syrah\/#breadcrumb","itemListElement":[{"@type":"ListItem","position":1,"name":"Home","item":"https:\/\/bodegasierraalmagrera.com\/de\/startseite\/"},{"@type":"ListItem","position":2,"name":"Antas Syrah"}]},{"@type":"WebSite","@id":"https:\/\/bodegasierraalmagrera.com\/de\/#website","url":"https:\/\/bodegasierraalmagrera.com\/de\/","name":"Bodega Sierra Almagrera","description":"","publisher":{"@id":"https:\/\/bodegasierraalmagrera.com\/de\/#organization"},"potentialAction":[{"@type":"SearchAction","target":{"@type":"EntryPoint","urlTemplate":"https:\/\/bodegasierraalmagrera.com\/de\/?s={search_term_string}"},"query-input":{"@type":"PropertyValueSpecification","valueRequired":true,"valueName":"search_term_string"}}],"inLanguage":"de"},{"@type":"Organization","@id":"https:\/\/bodegasierraalmagrera.com\/de\/#organization","name":"Bodega Sierra Almagrera","url":"https:\/\/bodegasierraalmagrera.com\/de\/","logo":{"@type":"ImageObject","inLanguage":"de","@id":"https:\/\/bodegasierraalmagrera.com\/de\/#\/schema\/logo\/image\/","url":"https:\/\/bodegasierraalmagrera.com\/wp-content\/uploads\/2026\/02\/bodega-sierra-almagrera-fondo-transparente-2-1.png","contentUrl":"https:\/\/bodegasierraalmagrera.com\/wp-content\/uploads\/2026\/02\/bodega-sierra-almagrera-fondo-transparente-2-1.png","width":500,"height":150,"caption":"Bodega Sierra Almagrera"},"image":{"@id":"https:\/\/bodegasierraalmagrera.com\/de\/#\/schema\/logo\/image\/"}}]}},"_links":{"self":[{"href":"https:\/\/bodegasierraalmagrera.com\/de\/wp-json\/wp\/v2\/pages\/1838","targetHints":{"allow":["GET"]}}],"collection":[{"href":"https:\/\/bodegasierraalmagrera.com\/de\/wp-json\/wp\/v2\/pages"}],"about":[{"href":"https:\/\/bodegasierraalmagrera.com\/de\/wp-json\/wp\/v2\/types\/page"}],"author":[{"embeddable":true,"href":"https:\/\/bodegasierraalmagrera.com\/de\/wp-json\/wp\/v2\/users\/2"}],"replies":[{"embeddable":true,"href":"https:\/\/bodegasierraalmagrera.com\/de\/wp-json\/wp\/v2\/comments?post=1838"}],"version-history":[{"count":2,"href":"https:\/\/bodegasierraalmagrera.com\/de\/wp-json\/wp\/v2\/pages\/1838\/revisions"}],"predecessor-version":[{"id":2159,"href":"https:\/\/bodegasierraalmagrera.com\/de\/wp-json\/wp\/v2\/pages\/1838\/revisions\/2159"}],"wp:attachment":[{"href":"https:\/\/bodegasierraalmagrera.com\/de\/wp-json\/wp\/v2\/media?parent=1838"}],"curies":[{"name":"wp","href":"https:\/\/api.w.org\/{rel}","templated":true}]}}