{"id":1949,"date":"2026-02-20T19:18:39","date_gmt":"2026-02-20T19:18:39","guid":{"rendered":"https:\/\/bodegasierraalmagrera.com\/antas-garnacha\/"},"modified":"2026-04-08T07:56:11","modified_gmt":"2026-04-08T07:56:11","slug":"antas-garnacha","status":"publish","type":"page","link":"https:\/\/bodegasierraalmagrera.com\/de\/antas-garnacha\/","title":{"rendered":"Antas Garnacha"},"content":{"rendered":"\t\t<div data-elementor-type=\"wp-page\" data-elementor-id=\"1949\" class=\"elementor elementor-1949 elementor-25\" data-elementor-post-type=\"page\">\n\t\t\t\t<div class=\"elementor-element elementor-element-4c9ea29 e-con-full e-flex e-con e-parent\" data-id=\"4c9ea29\" data-element_type=\"container\" data-e-type=\"container\" data-settings=\"{&quot;background_background&quot;:&quot;classic&quot;}\">\n\t\t\t\t<div class=\"elementor-element elementor-element-bba8c7a elementor-widget elementor-widget-heading\" data-id=\"bba8c7a\" data-element_type=\"widget\" data-e-type=\"widget\" data-widget_type=\"heading.default\">\n\t\t\t\t\t<h1 class=\"elementor-heading-title elementor-size-default\">ANTAS\u00ae GARNACHA<\/h1>\t\t\t\t<\/div>\n\t\t\t\t<\/div>\n\t\t<div class=\"elementor-element elementor-element-17cb83a e-flex e-con-boxed e-con e-parent\" data-id=\"17cb83a\" data-element_type=\"container\" data-e-type=\"container\" data-settings=\"{&quot;background_background&quot;:&quot;classic&quot;}\">\n\t\t\t\t\t<div class=\"e-con-inner\">\n\t\t<div class=\"elementor-element elementor-element-74b3e6d e-con-full elementor-hidden-mobile e-flex elementor-invisible e-con e-child\" data-id=\"74b3e6d\" data-element_type=\"container\" data-e-type=\"container\" data-settings=\"{&quot;animation&quot;:&quot;fadeIn&quot;}\">\n\t\t\t\t<div class=\"elementor-element elementor-element-a949744 elementor-widget elementor-widget-image\" data-id=\"a949744\" data-element_type=\"widget\" data-e-type=\"widget\" data-widget_type=\"image.default\">\n\t\t\t\t\t\t\t\t\t\t\t\t\t\t\t<img fetchpriority=\"high\" decoding=\"async\" width=\"800\" height=\"1000\" src=\"https:\/\/bodegasierraalmagrera.com\/wp-content\/uploads\/2026\/02\/Antas-Garnacha-2-819x1024.jpg\" class=\"attachment-large size-large wp-image-1951\" alt=\"\" srcset=\"https:\/\/bodegasierraalmagrera.com\/wp-content\/uploads\/2026\/02\/Antas-Garnacha-2-819x1024.jpg 819w, https:\/\/bodegasierraalmagrera.com\/wp-content\/uploads\/2026\/02\/Antas-Garnacha-2-240x300.jpg 240w, https:\/\/bodegasierraalmagrera.com\/wp-content\/uploads\/2026\/02\/Antas-Garnacha-2-768x960.jpg 768w, https:\/\/bodegasierraalmagrera.com\/wp-content\/uploads\/2026\/02\/Antas-Garnacha-2-1229x1536.jpg 1229w, https:\/\/bodegasierraalmagrera.com\/wp-content\/uploads\/2026\/02\/Antas-Garnacha-2-1638x2048.jpg 1638w, https:\/\/bodegasierraalmagrera.com\/wp-content\/uploads\/2026\/02\/Antas-Garnacha-2-scaled.jpg 2048w\" sizes=\"(max-width: 800px) 100vw, 800px\" \/>\t\t\t\t\t\t\t\t\t\t\t\t\t\t\t<\/div>\n\t\t\t\t<\/div>\n\t\t<div class=\"elementor-element elementor-element-eb1fcbe e-con-full e-flex elementor-invisible e-con e-child\" data-id=\"eb1fcbe\" data-element_type=\"container\" data-e-type=\"container\" data-settings=\"{&quot;animation&quot;:&quot;fadeInRight&quot;}\">\n\t\t\t\t<div class=\"elementor-element elementor-element-28151b8 elementor-widget elementor-widget-heading\" data-id=\"28151b8\" data-element_type=\"widget\" data-e-type=\"widget\" data-widget_type=\"heading.default\">\n\t\t\t\t\t<h2 class=\"elementor-heading-title elementor-size-default\">GARNACHA Wein<\/h2>\t\t\t\t<\/div>\n\t\t\t\t<div class=\"elementor-element elementor-element-d5f82b2 elementor-widget elementor-widget-text-editor\" data-id=\"d5f82b2\" data-element_type=\"widget\" data-e-type=\"widget\" data-widget_type=\"text-editor.default\">\n\t\t\t\t\t\t\t\t\t<p><span class=\"a_GcMg font-feature-liga-off font-feature-clig-off font-feature-calt-off text-decoration-none text-strikethrough-none\">100 % Garnacha, geboren in Antas: technische Pr\u00e4zision, frische Frucht und Textur. Ein Ros\u00e9 mit Nerv und Nachhaltigkeit, perfekt f\u00fcr alle, die mehr als nur \u201eFrische\u201c suchen.<\/span><\/p>\t\t\t\t\t\t\t\t<\/div>\n\t\t<div class=\"elementor-element elementor-element-6d57f97 e-con-full elementor-hidden-desktop elementor-hidden-tablet e-flex elementor-invisible e-con e-child\" data-id=\"6d57f97\" data-element_type=\"container\" data-e-type=\"container\" data-settings=\"{&quot;animation&quot;:&quot;fadeIn&quot;}\">\n\t\t\t\t<div class=\"elementor-element elementor-element-dad0c1a elementor-widget elementor-widget-image\" data-id=\"dad0c1a\" data-element_type=\"widget\" data-e-type=\"widget\" data-widget_type=\"image.default\">\n\t\t\t\t\t\t\t\t\t\t\t\t\t\t\t<img fetchpriority=\"high\" decoding=\"async\" width=\"800\" height=\"1000\" src=\"https:\/\/bodegasierraalmagrera.com\/wp-content\/uploads\/2026\/02\/Antas-Garnacha-2-819x1024.jpg\" class=\"attachment-large size-large wp-image-1951\" alt=\"\" srcset=\"https:\/\/bodegasierraalmagrera.com\/wp-content\/uploads\/2026\/02\/Antas-Garnacha-2-819x1024.jpg 819w, https:\/\/bodegasierraalmagrera.com\/wp-content\/uploads\/2026\/02\/Antas-Garnacha-2-240x300.jpg 240w, https:\/\/bodegasierraalmagrera.com\/wp-content\/uploads\/2026\/02\/Antas-Garnacha-2-768x960.jpg 768w, https:\/\/bodegasierraalmagrera.com\/wp-content\/uploads\/2026\/02\/Antas-Garnacha-2-1229x1536.jpg 1229w, https:\/\/bodegasierraalmagrera.com\/wp-content\/uploads\/2026\/02\/Antas-Garnacha-2-1638x2048.jpg 1638w, https:\/\/bodegasierraalmagrera.com\/wp-content\/uploads\/2026\/02\/Antas-Garnacha-2-scaled.jpg 2048w\" sizes=\"(max-width: 800px) 100vw, 800px\" \/>\t\t\t\t\t\t\t\t\t\t\t\t\t\t\t<\/div>\n\t\t\t\t<\/div>\n\t\t\t\t<\/div>\n\t\t\t\t\t<\/div>\n\t\t\t\t<\/div>\n\t\t<div class=\"elementor-element elementor-element-505b41b e-flex e-con-boxed e-con e-parent\" data-id=\"505b41b\" data-element_type=\"container\" data-e-type=\"container\">\n\t\t\t\t\t<div class=\"e-con-inner\">\n\t\t<div class=\"elementor-element elementor-element-1a54911 e-con-full e-flex elementor-invisible e-con e-child\" data-id=\"1a54911\" data-element_type=\"container\" data-e-type=\"container\" data-settings=\"{&quot;background_background&quot;:&quot;classic&quot;,&quot;animation&quot;:&quot;fadeInLeft&quot;}\">\n\t\t\t\t<div class=\"elementor-element elementor-element-e2f5bd4 elementor-widget__width-initial elementor-widget elementor-widget-text-editor\" data-id=\"e2f5bd4\" data-element_type=\"widget\" data-e-type=\"widget\" data-widget_type=\"text-editor.default\">\n\t\t\t\t\t\t\t\t\t<p><span class=\"a_GcMg font-feature-liga-off font-feature-clig-off font-feature-calt-off text-decoration-none text-strikethrough-none\">WEINBERG IN ANTAS<\/span><\/p>\t\t\t\t\t\t\t\t<\/div>\n\t\t\t\t<div class=\"elementor-element elementor-element-7127422 elementor-widget__width-initial elementor-widget elementor-widget-text-editor\" data-id=\"7127422\" data-element_type=\"widget\" data-e-type=\"widget\" data-widget_type=\"text-editor.default\">\n\t\t\t\t\t\t\t\t\t<p><span class=\"a_GcMg font-feature-liga-off font-feature-clig-off font-feature-calt-off text-decoration-none text-strikethrough-none\">Rebst\u00f6cke auf 400 m H\u00f6he in Antas (Almer\u00eda).<\/span><\/p>\t\t\t\t\t\t\t\t<\/div>\n\t\t\t\t<div class=\"elementor-element elementor-element-2c27784 elementor-widget__width-initial elementor-widget elementor-widget-text-editor\" data-id=\"2c27784\" data-element_type=\"widget\" data-e-type=\"widget\" data-widget_type=\"text-editor.default\">\n\t\t\t\t\t\t\t\t\t<p><span class=\"a_GcMg font-feature-liga-off font-feature-clig-off font-feature-calt-off text-decoration-none text-strikethrough-none\">HERSTELLUNG UND AUSBAU<\/span><\/p>\t\t\t\t\t\t\t\t<\/div>\n\t\t\t\t<div class=\"elementor-element elementor-element-271366b elementor-widget__width-initial elementor-widget elementor-widget-text-editor\" data-id=\"271366b\" data-element_type=\"widget\" data-e-type=\"widget\" data-widget_type=\"text-editor.default\">\n\t\t\t\t\t\t\t\t\t<p><span class=\"a_GcMg font-feature-liga-off font-feature-clig-off font-feature-calt-off text-decoration-none text-strikethrough-none\">Handlese in 15-kg-Kisten, doppelte Selektion, leichte pr\u00e4fermentative Kaltmazeration der Schalen, sanftes Pressen, statische Vorkl\u00e4rung und G\u00e4rung in Edelstahltanks bei 16\/17 \u00baC. 2 Monate Ausbau auf der Feinhefe.<\/span><\/p>\t\t\t\t\t\t\t\t<\/div>\n\t\t\t\t<div class=\"elementor-element elementor-element-7879030 elementor-widget__width-initial elementor-widget elementor-widget-text-editor\" data-id=\"7879030\" data-element_type=\"widget\" data-e-type=\"widget\" data-widget_type=\"text-editor.default\">\n\t\t\t\t\t\t\t\t\t<p><span class=\"a_GcMg font-feature-liga-off font-feature-clig-off font-feature-calt-off text-decoration-none text-strikethrough-none\">VERKOSTUNGSNOTIZ<\/span><\/p>\t\t\t\t\t\t\t\t<\/div>\n\t\t\t\t<div class=\"elementor-element elementor-element-f40b22d elementor-widget__width-initial elementor-widget elementor-widget-text-editor\" data-id=\"f40b22d\" data-element_type=\"widget\" data-e-type=\"widget\" data-widget_type=\"text-editor.default\">\n\t\t\t\t\t\t\t\t\t<p><span class=\"a_GcMg font-feature-liga-off font-feature-clig-off font-feature-calt-off text-decoration-none text-strikethrough-none\">Ros\u00e9 mit sanftem rotem Rand, klar und brillant. Intensive Aromen von tropischen Fr\u00fcchten, amylischem Hintergrund und frischen Fr\u00fcchten. Fettiger und umh\u00fcllender Gaumen mit guter S\u00e4ure, sehr anhaltender Abgang.<\/span><\/p>\t\t\t\t\t\t\t\t<\/div>\n\t\t\t\t<div class=\"elementor-element elementor-element-9aa381c elementor-widget__width-initial elementor-widget elementor-widget-text-editor\" data-id=\"9aa381c\" data-element_type=\"widget\" data-e-type=\"widget\" data-widget_type=\"text-editor.default\">\n\t\t\t\t\t\t\t\t\t<p><span class=\"a_GcMg font-feature-liga-off font-feature-clig-off font-feature-calt-off text-decoration-none text-strikethrough-none\">SERVIEREMPFEHLUNG UND SPEISEBEGLEITUNG<\/span><\/p>\t\t\t\t\t\t\t\t<\/div>\n\t\t\t\t<div class=\"elementor-element elementor-element-b1e6785 elementor-widget__width-initial elementor-widget elementor-widget-text-editor\" data-id=\"b1e6785\" data-element_type=\"widget\" data-e-type=\"widget\" data-widget_type=\"text-editor.default\">\n\t\t\t\t\t\t\t\t\t<p><span class=\"a_GcMg font-feature-liga-off font-feature-clig-off font-feature-calt-off text-decoration-none text-strikethrough-none\">Hervorragend als Aperitif; auch zu hellem Fleisch, K\u00e4se, Pasta, Fisch und Meeresfr\u00fcchten.<\/span><\/p>\t\t\t\t\t\t\t\t<\/div>\n\t\t\t\t<div class=\"elementor-element elementor-element-14ee95f elementor-align-start elementor-icon-list--layout-traditional elementor-list-item-link-full_width elementor-widget elementor-widget-icon-list\" data-id=\"14ee95f\" data-element_type=\"widget\" data-e-type=\"widget\" data-widget_type=\"icon-list.default\">\n\t\t\t\t\t\t\t<ul class=\"elementor-icon-list-items\">\n\t\t\t\t\t\t\t<li class=\"elementor-icon-list-item\">\n\t\t\t\t\t\t\t\t\t\t\t<a href=\"https:\/\/bodegasierraalmagrera.com\/wp-content\/uploads\/2026\/02\/fichaANTASrosado_V2_compressed.pdf\" target=\"_blank\">\n\n\t\t\t\t\t\t\t\t\t\t\t\t<span class=\"elementor-icon-list-icon\">\n\t\t\t\t\t\t\t<svg aria-hidden=\"true\" class=\"e-font-icon-svg e-far-arrow-alt-circle-right\" viewBox=\"0 0 512 512\" xmlns=\"http:\/\/www.w3.org\/2000\/svg\"><path d=\"M504 256C504 119 393 8 256 8S8 119 8 256s111 248 248 248 248-111 248-248zm-448 0c0-110.5 89.5-200 200-200s200 89.5 200 200-89.5 200-200 200S56 366.5 56 256zm72 20v-40c0-6.6 5.4-12 12-12h116v-67c0-10.7 12.9-16 20.5-8.5l99 99c4.7 4.7 4.7 12.3 0 17l-99 99c-7.6 7.6-20.5 2.2-20.5-8.5v-67H140c-6.6 0-12-5.4-12-12z\"><\/path><\/svg>\t\t\t\t\t\t<\/span>\n\t\t\t\t\t\t\t\t\t\t<span class=\"elementor-icon-list-text\">TECHNISCHES DATENBLATT HERUNTERLADEN<\/span>\n\t\t\t\t\t\t\t\t\t\t\t<\/a>\n\t\t\t\t\t\t\t\t\t<\/li>\n\t\t\t\t\t\t<\/ul>\n\t\t\t\t\t\t<\/div>\n\t\t\t\t<\/div>\n\t\t<div class=\"elementor-element elementor-element-782729c e-con-full e-flex elementor-invisible e-con e-child\" data-id=\"782729c\" data-element_type=\"container\" data-e-type=\"container\" data-settings=\"{&quot;animation&quot;:&quot;fadeInRight&quot;}\">\n\t\t\t\t<div class=\"elementor-element elementor-element-44904d0 elementor-widget elementor-widget-image\" data-id=\"44904d0\" data-element_type=\"widget\" data-e-type=\"widget\" data-widget_type=\"image.default\">\n\t\t\t\t\t\t\t\t\t\t\t\t\t\t\t<img decoding=\"async\" width=\"400\" height=\"993\" src=\"https:\/\/bodegasierraalmagrera.com\/wp-content\/uploads\/2026\/02\/ANTASGarnachanuevo-1-1-1.png\" class=\"attachment-large size-large wp-image-1752\" alt=\"\" srcset=\"https:\/\/bodegasierraalmagrera.com\/wp-content\/uploads\/2026\/02\/ANTASGarnachanuevo-1-1-1.png 400w, https:\/\/bodegasierraalmagrera.com\/wp-content\/uploads\/2026\/02\/ANTASGarnachanuevo-1-1-1-121x300.png 121w\" sizes=\"(max-width: 400px) 100vw, 400px\" \/>\t\t\t\t\t\t\t\t\t\t\t\t\t\t\t<\/div>\n\t\t\t\t<\/div>\n\t\t\t\t\t<\/div>\n\t\t\t\t<\/div>\n\t\t<div class=\"elementor-element elementor-element-e573326 e-flex e-con-boxed e-con e-parent\" data-id=\"e573326\" data-element_type=\"container\" data-e-type=\"container\">\n\t\t\t\t\t<div class=\"e-con-inner\">\n\t\t\t\t<div class=\"elementor-element elementor-element-adbb824 elementor-widget__width-initial elementor-widget elementor-widget-text-editor\" data-id=\"adbb824\" data-element_type=\"widget\" data-e-type=\"widget\" data-widget_type=\"text-editor.default\">\n\t\t\t\t\t\t\t\t\t<p>Das Etikett dieses Weins zeigt ein Symbol der Argar-Kultur. Wenn Sie seine Bedeutung und die Geschichte von El Argar erfahren m\u00f6chten, entdecken Sie sie hier:<\/p>\t\t\t\t\t\t\t\t<\/div>\n\t\t\t\t<div class=\"elementor-element elementor-element-397747c elementor-align-center elementor-icon-list--layout-traditional elementor-list-item-link-full_width elementor-widget elementor-widget-icon-list\" data-id=\"397747c\" data-element_type=\"widget\" data-e-type=\"widget\" data-widget_type=\"icon-list.default\">\n\t\t\t\t\t\t\t<ul class=\"elementor-icon-list-items\">\n\t\t\t\t\t\t\t<li class=\"elementor-icon-list-item\">\n\t\t\t\t\t\t\t\t\t\t\t<a href=\"https:\/\/bodegasierraalmagrera.com\/de\/el-argar\/\">\n\n\t\t\t\t\t\t\t\t\t\t\t\t<span class=\"elementor-icon-list-icon\">\n\t\t\t\t\t\t\t<svg aria-hidden=\"true\" class=\"e-font-icon-svg e-far-arrow-alt-circle-right\" viewBox=\"0 0 512 512\" xmlns=\"http:\/\/www.w3.org\/2000\/svg\"><path d=\"M504 256C504 119 393 8 256 8S8 119 8 256s111 248 248 248 248-111 248-248zm-448 0c0-110.5 89.5-200 200-200s200 89.5 200 200-89.5 200-200 200S56 366.5 56 256zm72 20v-40c0-6.6 5.4-12 12-12h116v-67c0-10.7 12.9-16 20.5-8.5l99 99c4.7 4.7 4.7 12.3 0 17l-99 99c-7.6 7.6-20.5 2.2-20.5-8.5v-67H140c-6.6 0-12-5.4-12-12z\"><\/path><\/svg>\t\t\t\t\t\t<\/span>\n\t\t\t\t\t\t\t\t\t\t<span class=\"elementor-icon-list-text\">EL ARGAR<\/span>\n\t\t\t\t\t\t\t\t\t\t\t<\/a>\n\t\t\t\t\t\t\t\t\t<\/li>\n\t\t\t\t\t\t<\/ul>\n\t\t\t\t\t\t<\/div>\n\t\t\t\t\t<\/div>\n\t\t\t\t<\/div>\n\t\t\t\t<\/div>\n\t\t","protected":false},"excerpt":{"rendered":"<p>ANTAS\u00ae GARNACHA GARNACHA Wein 100 % Garnacha, geboren in Antas: technische Pr\u00e4zision, frische Frucht und Textur. Ein Ros\u00e9 mit Nerv und Nachhaltigkeit, perfekt f\u00fcr alle, die mehr als nur \u201eFrische\u201c suchen. WEINBERG IN ANTAS Rebst\u00f6cke auf 400 m H\u00f6he in Antas (Almer\u00eda). HERSTELLUNG UND AUSBAU Handlese in 15-kg-Kisten, doppelte Selektion, leichte pr\u00e4fermentative Kaltmazeration der Schalen, [&hellip;]<\/p>\n","protected":false},"author":2,"featured_media":0,"parent":0,"menu_order":0,"comment_status":"closed","ping_status":"closed","template":"","meta":{"footnotes":""},"class_list":["post-1949","page","type-page","status-publish","hentry"],"yoast_head":"<!-- This site is optimized with the Yoast SEO plugin v27.0 - https:\/\/yoast.com\/product\/yoast-seo-wordpress\/ -->\n<title>Antas Garnacha | Bodega Sierra Almagrera<\/title>\n<meta name=\"description\" content=\"Antas Garnacha ist ein fruchtiger und ausgewogener Wein, der von Bodega Sierra Almagrera aus Trauben eigener Weinberge hergestellt wird.\" \/>\n<meta name=\"robots\" content=\"index, follow, max-snippet:-1, max-image-preview:large, max-video-preview:-1\" \/>\n<link rel=\"canonical\" href=\"https:\/\/bodegasierraalmagrera.com\/de\/antas-garnacha\/\" \/>\n<meta property=\"og:locale\" content=\"de_DE\" \/>\n<meta property=\"og:type\" content=\"article\" \/>\n<meta property=\"og:title\" content=\"Antas Garnacha | Bodega Sierra Almagrera\" \/>\n<meta property=\"og:description\" content=\"Antas Garnacha ist ein fruchtiger und ausgewogener Wein, der von Bodega Sierra Almagrera aus Trauben eigener Weinberge hergestellt wird.\" \/>\n<meta property=\"og:url\" content=\"https:\/\/bodegasierraalmagrera.com\/de\/antas-garnacha\/\" \/>\n<meta property=\"og:site_name\" content=\"Bodega Sierra Almagrera\" \/>\n<meta property=\"article:modified_time\" content=\"2026-04-08T07:56:11+00:00\" \/>\n<meta property=\"og:image\" content=\"https:\/\/bodegasierraalmagrera.com\/wp-content\/uploads\/2026\/02\/Antas-Garnacha-2-scaled.jpg\" \/>\n\t<meta property=\"og:image:width\" content=\"2048\" \/>\n\t<meta property=\"og:image:height\" content=\"2560\" \/>\n\t<meta property=\"og:image:type\" content=\"image\/jpeg\" \/>\n<meta name=\"twitter:card\" content=\"summary_large_image\" \/>\n<meta name=\"twitter:label1\" content=\"Gesch\u00e4tzte Lesezeit\" \/>\n\t<meta name=\"twitter:data1\" content=\"1\u00a0Minute\" \/>\n<script type=\"application\/ld+json\" class=\"yoast-schema-graph\">{\"@context\":\"https:\/\/schema.org\",\"@graph\":[{\"@type\":\"WebPage\",\"@id\":\"https:\/\/bodegasierraalmagrera.com\/de\/antas-garnacha\/\",\"url\":\"https:\/\/bodegasierraalmagrera.com\/de\/antas-garnacha\/\",\"name\":\"Antas Garnacha | Bodega Sierra Almagrera\",\"isPartOf\":{\"@id\":\"https:\/\/bodegasierraalmagrera.com\/de\/#website\"},\"primaryImageOfPage\":{\"@id\":\"https:\/\/bodegasierraalmagrera.com\/de\/antas-garnacha\/#primaryimage\"},\"image\":{\"@id\":\"https:\/\/bodegasierraalmagrera.com\/de\/antas-garnacha\/#primaryimage\"},\"thumbnailUrl\":\"https:\/\/bodegasierraalmagrera.com\/wp-content\/uploads\/2026\/02\/Antas-Garnacha-2-819x1024.jpg\",\"datePublished\":\"2026-02-20T19:18:39+00:00\",\"dateModified\":\"2026-04-08T07:56:11+00:00\",\"description\":\"Antas Garnacha ist ein fruchtiger und ausgewogener Wein, der von Bodega Sierra Almagrera aus Trauben eigener Weinberge hergestellt wird.\",\"breadcrumb\":{\"@id\":\"https:\/\/bodegasierraalmagrera.com\/de\/antas-garnacha\/#breadcrumb\"},\"inLanguage\":\"de\",\"potentialAction\":[{\"@type\":\"ReadAction\",\"target\":[\"https:\/\/bodegasierraalmagrera.com\/de\/antas-garnacha\/\"]}]},{\"@type\":\"ImageObject\",\"inLanguage\":\"de\",\"@id\":\"https:\/\/bodegasierraalmagrera.com\/de\/antas-garnacha\/#primaryimage\",\"url\":\"https:\/\/bodegasierraalmagrera.com\/wp-content\/uploads\/2026\/02\/Antas-Garnacha-2-819x1024.jpg\",\"contentUrl\":\"https:\/\/bodegasierraalmagrera.com\/wp-content\/uploads\/2026\/02\/Antas-Garnacha-2-819x1024.jpg\"},{\"@type\":\"BreadcrumbList\",\"@id\":\"https:\/\/bodegasierraalmagrera.com\/de\/antas-garnacha\/#breadcrumb\",\"itemListElement\":[{\"@type\":\"ListItem\",\"position\":1,\"name\":\"Home\",\"item\":\"https:\/\/bodegasierraalmagrera.com\/de\/startseite\/\"},{\"@type\":\"ListItem\",\"position\":2,\"name\":\"Antas Garnacha\"}]},{\"@type\":\"WebSite\",\"@id\":\"https:\/\/bodegasierraalmagrera.com\/de\/#website\",\"url\":\"https:\/\/bodegasierraalmagrera.com\/de\/\",\"name\":\"Bodega Sierra Almagrera\",\"description\":\"\",\"publisher\":{\"@id\":\"https:\/\/bodegasierraalmagrera.com\/de\/#organization\"},\"potentialAction\":[{\"@type\":\"SearchAction\",\"target\":{\"@type\":\"EntryPoint\",\"urlTemplate\":\"https:\/\/bodegasierraalmagrera.com\/de\/?s={search_term_string}\"},\"query-input\":{\"@type\":\"PropertyValueSpecification\",\"valueRequired\":true,\"valueName\":\"search_term_string\"}}],\"inLanguage\":\"de\"},{\"@type\":\"Organization\",\"@id\":\"https:\/\/bodegasierraalmagrera.com\/de\/#organization\",\"name\":\"Bodega Sierra Almagrera\",\"url\":\"https:\/\/bodegasierraalmagrera.com\/de\/\",\"logo\":{\"@type\":\"ImageObject\",\"inLanguage\":\"de\",\"@id\":\"https:\/\/bodegasierraalmagrera.com\/de\/#\/schema\/logo\/image\/\",\"url\":\"https:\/\/bodegasierraalmagrera.com\/wp-content\/uploads\/2026\/02\/bodega-sierra-almagrera-fondo-transparente-2-1.png\",\"contentUrl\":\"https:\/\/bodegasierraalmagrera.com\/wp-content\/uploads\/2026\/02\/bodega-sierra-almagrera-fondo-transparente-2-1.png\",\"width\":500,\"height\":150,\"caption\":\"Bodega Sierra Almagrera\"},\"image\":{\"@id\":\"https:\/\/bodegasierraalmagrera.com\/de\/#\/schema\/logo\/image\/\"}}]}<\/script>\n<!-- \/ Yoast SEO plugin. -->","yoast_head_json":{"title":"Antas Garnacha | Bodega Sierra Almagrera","description":"Antas Garnacha ist ein fruchtiger und ausgewogener Wein, der von Bodega Sierra Almagrera aus Trauben eigener Weinberge hergestellt wird.","robots":{"index":"index","follow":"follow","max-snippet":"max-snippet:-1","max-image-preview":"max-image-preview:large","max-video-preview":"max-video-preview:-1"},"canonical":"https:\/\/bodegasierraalmagrera.com\/de\/antas-garnacha\/","og_locale":"de_DE","og_type":"article","og_title":"Antas Garnacha | Bodega Sierra Almagrera","og_description":"Antas Garnacha ist ein fruchtiger und ausgewogener Wein, der von Bodega Sierra Almagrera aus Trauben eigener Weinberge hergestellt wird.","og_url":"https:\/\/bodegasierraalmagrera.com\/de\/antas-garnacha\/","og_site_name":"Bodega Sierra Almagrera","article_modified_time":"2026-04-08T07:56:11+00:00","og_image":[{"width":2048,"height":2560,"url":"https:\/\/bodegasierraalmagrera.com\/wp-content\/uploads\/2026\/02\/Antas-Garnacha-2-scaled.jpg","type":"image\/jpeg"}],"twitter_card":"summary_large_image","twitter_misc":{"Gesch\u00e4tzte Lesezeit":"1\u00a0Minute"},"schema":{"@context":"https:\/\/schema.org","@graph":[{"@type":"WebPage","@id":"https:\/\/bodegasierraalmagrera.com\/de\/antas-garnacha\/","url":"https:\/\/bodegasierraalmagrera.com\/de\/antas-garnacha\/","name":"Antas Garnacha | Bodega Sierra Almagrera","isPartOf":{"@id":"https:\/\/bodegasierraalmagrera.com\/de\/#website"},"primaryImageOfPage":{"@id":"https:\/\/bodegasierraalmagrera.com\/de\/antas-garnacha\/#primaryimage"},"image":{"@id":"https:\/\/bodegasierraalmagrera.com\/de\/antas-garnacha\/#primaryimage"},"thumbnailUrl":"https:\/\/bodegasierraalmagrera.com\/wp-content\/uploads\/2026\/02\/Antas-Garnacha-2-819x1024.jpg","datePublished":"2026-02-20T19:18:39+00:00","dateModified":"2026-04-08T07:56:11+00:00","description":"Antas Garnacha ist ein fruchtiger und ausgewogener Wein, der von Bodega Sierra Almagrera aus Trauben eigener Weinberge hergestellt wird.","breadcrumb":{"@id":"https:\/\/bodegasierraalmagrera.com\/de\/antas-garnacha\/#breadcrumb"},"inLanguage":"de","potentialAction":[{"@type":"ReadAction","target":["https:\/\/bodegasierraalmagrera.com\/de\/antas-garnacha\/"]}]},{"@type":"ImageObject","inLanguage":"de","@id":"https:\/\/bodegasierraalmagrera.com\/de\/antas-garnacha\/#primaryimage","url":"https:\/\/bodegasierraalmagrera.com\/wp-content\/uploads\/2026\/02\/Antas-Garnacha-2-819x1024.jpg","contentUrl":"https:\/\/bodegasierraalmagrera.com\/wp-content\/uploads\/2026\/02\/Antas-Garnacha-2-819x1024.jpg"},{"@type":"BreadcrumbList","@id":"https:\/\/bodegasierraalmagrera.com\/de\/antas-garnacha\/#breadcrumb","itemListElement":[{"@type":"ListItem","position":1,"name":"Home","item":"https:\/\/bodegasierraalmagrera.com\/de\/startseite\/"},{"@type":"ListItem","position":2,"name":"Antas Garnacha"}]},{"@type":"WebSite","@id":"https:\/\/bodegasierraalmagrera.com\/de\/#website","url":"https:\/\/bodegasierraalmagrera.com\/de\/","name":"Bodega Sierra Almagrera","description":"","publisher":{"@id":"https:\/\/bodegasierraalmagrera.com\/de\/#organization"},"potentialAction":[{"@type":"SearchAction","target":{"@type":"EntryPoint","urlTemplate":"https:\/\/bodegasierraalmagrera.com\/de\/?s={search_term_string}"},"query-input":{"@type":"PropertyValueSpecification","valueRequired":true,"valueName":"search_term_string"}}],"inLanguage":"de"},{"@type":"Organization","@id":"https:\/\/bodegasierraalmagrera.com\/de\/#organization","name":"Bodega Sierra Almagrera","url":"https:\/\/bodegasierraalmagrera.com\/de\/","logo":{"@type":"ImageObject","inLanguage":"de","@id":"https:\/\/bodegasierraalmagrera.com\/de\/#\/schema\/logo\/image\/","url":"https:\/\/bodegasierraalmagrera.com\/wp-content\/uploads\/2026\/02\/bodega-sierra-almagrera-fondo-transparente-2-1.png","contentUrl":"https:\/\/bodegasierraalmagrera.com\/wp-content\/uploads\/2026\/02\/bodega-sierra-almagrera-fondo-transparente-2-1.png","width":500,"height":150,"caption":"Bodega Sierra Almagrera"},"image":{"@id":"https:\/\/bodegasierraalmagrera.com\/de\/#\/schema\/logo\/image\/"}}]}},"_links":{"self":[{"href":"https:\/\/bodegasierraalmagrera.com\/de\/wp-json\/wp\/v2\/pages\/1949","targetHints":{"allow":["GET"]}}],"collection":[{"href":"https:\/\/bodegasierraalmagrera.com\/de\/wp-json\/wp\/v2\/pages"}],"about":[{"href":"https:\/\/bodegasierraalmagrera.com\/de\/wp-json\/wp\/v2\/types\/page"}],"author":[{"embeddable":true,"href":"https:\/\/bodegasierraalmagrera.com\/de\/wp-json\/wp\/v2\/users\/2"}],"replies":[{"embeddable":true,"href":"https:\/\/bodegasierraalmagrera.com\/de\/wp-json\/wp\/v2\/comments?post=1949"}],"version-history":[{"count":4,"href":"https:\/\/bodegasierraalmagrera.com\/de\/wp-json\/wp\/v2\/pages\/1949\/revisions"}],"predecessor-version":[{"id":2149,"href":"https:\/\/bodegasierraalmagrera.com\/de\/wp-json\/wp\/v2\/pages\/1949\/revisions\/2149"}],"wp:attachment":[{"href":"https:\/\/bodegasierraalmagrera.com\/de\/wp-json\/wp\/v2\/media?parent=1949"}],"curies":[{"name":"wp","href":"https:\/\/api.w.org\/{rel}","templated":true}]}}